{"id":12458,"date":"2024-11-19T18:01:11","date_gmt":"2024-11-19T18:01:11","guid":{"rendered":"https:\/\/www.sinpeks.com\/rs\/p\/tanjiraca-tnl-2x14-ferocoop-f460\/"},"modified":"2026-01-13T10:49:09","modified_gmt":"2026-01-13T10:49:09","slug":"tanjiraca-tnl-2x14-ferocoop-f460","status":"publish","type":"product","link":"https:\/\/www.sinpeks.com\/rs\/p\/tanjiraca-tnl-2x14-ferocoop-f460\/","title":{"rendered":"Tanjira\u010da TNL 2&#215;14 Ferocoop &#8211; \u0424460"},"content":{"rendered":"<p>TNL 2&#215;14 tanjira su no\u0161ene lake traktorske tanjira\u010de tipa \u201cV\u201d namenjene su za tanjiranje raonog zemlji\u0161ta pred setvu, a uspe\u0161no se mogu koristiti i za lju\u0161tenje strnji\u0161ta, usitnjavanje \u017eetvenih ostataka, zaoravanje stajskog \u0111ubriva i me\u0111urednu obradu vo\u0107njaka i vinograda. Tanjira\u010de ovog tipa su sa dve, \u010detiri ili \u0161est osovina dvostrukog delovanja, gde prvi red diskova obra\u0111uje zemlju, a drugi red je nabacuje, dakle uspe\u0161no sitni i me\u0161a zemlji\u0161te. Konstrukcija tanjira\u010de je kruta gde dolazi do izra\u017eaja dobro prodiranje u dubinu zemlji\u0161ta na ravnim terenima. Konstrukcija tanjira\u010de je izra\u0111ena od \u010deli\u010dnih cevi, profila i limova. O ram su obe\u0161ene radne baterije u\u010dvr\u0107ene vijcima i obujmicama. Ule\u017ei\u0161tenje radnih baterija re\u0161eno je kotrljaju\u0107im le\u017eajevima koji su dvostuko zaptiveni u svom ku\u0107i\u0161tu. Diskovi su izra\u0111eni od visoko legiranog \u010delika koji je u pobolj\u0161anom stanju veoma otporan na habanje. Svi elementi su za\u0161ti\u0107eni u dva premaza temeljnom bojom i lakom.<\/p>\n","protected":false},"excerpt":{"rendered":"<p>TNL 2&#215;14 tanjira su no\u0161ene lake traktorske tanjira\u010de tipa \u201cV\u201d namenjene su za tanjiranje raonog zemlji\u0161ta pred setvu, a uspe\u0161no se mogu koristiti i za lju\u0161tenje strnji\u0161ta, usitnjavanje \u017eetvenih ostataka, zaoravanje stajskog \u0111ubriva i me\u0111urednu obradu vo\u0107njaka i vinograda. Tanjira\u010de ovog tipa su sa dve, \u010detiri ili \u0161est osovina dvostrukog delovanja, gde prvi red diskova [&hellip;]<\/p>\n","protected":false},"featured_media":15852,"comment_status":"open","ping_status":"closed","template":"","meta":{"_acf_changed":false},"product_cat":[81],"product_tag":[],"class_list":{"0":"post-12458","1":"product","2":"type-product","3":"status-publish","4":"has-post-thumbnail","6":"product_cat-tanjirace","7":"product_shipping_class-ostale-kategorije-makedonija","8":"pa_b-agro-ferocoop","9":"pa_broj-diskova-sa-28-diskova","10":"pa_market-ba","11":"pa_market-mk","12":"pa_market-rs","13":"pa_min-snaga-traktora-65-ks","14":"pa_precnik-diska-460-mm","15":"pa_radna-sirina-260cm","16":"pa_tip-masine-nosene","18":"first","19":"outofstock","20":"sale","21":"taxable","22":"shipping-taxable","23":"purchasable","24":"product-type-simple"},"acf":[],"seolaxy_ctr_woo_product_custom_meta_description_content":"","_links":{"self":[{"href":"https:\/\/www.sinpeks.com\/rs\/wp-json\/wp\/v2\/product\/12458","targetHints":{"allow":["GET"]}}],"collection":[{"href":"https:\/\/www.sinpeks.com\/rs\/wp-json\/wp\/v2\/product"}],"about":[{"href":"https:\/\/www.sinpeks.com\/rs\/wp-json\/wp\/v2\/types\/product"}],"replies":[{"embeddable":true,"href":"https:\/\/www.sinpeks.com\/rs\/wp-json\/wp\/v2\/comments?post=12458"}],"wp:featuredmedia":[{"embeddable":true,"href":"https:\/\/www.sinpeks.com\/rs\/wp-json\/wp\/v2\/media\/15852"}],"wp:attachment":[{"href":"https:\/\/www.sinpeks.com\/rs\/wp-json\/wp\/v2\/media?parent=12458"}],"wp:term":[{"taxonomy":"product_cat","embeddable":true,"href":"https:\/\/www.sinpeks.com\/rs\/wp-json\/wp\/v2\/product_cat?post=12458"},{"taxonomy":"product_tag","embeddable":true,"href":"https:\/\/www.sinpeks.com\/rs\/wp-json\/wp\/v2\/product_tag?post=12458"}],"curies":[{"name":"wp","href":"https:\/\/api.w.org\/{rel}","templated":true}]}}