{"id":12454,"date":"2024-11-19T18:01:09","date_gmt":"2024-11-19T18:01:09","guid":{"rendered":"https:\/\/www.sinpeks.com\/rs\/p\/setvospremac-29-metara-agroberza\/"},"modified":"2026-01-13T11:15:03","modified_gmt":"2026-01-13T11:15:03","slug":"setvospremac-29-metara-agroberza","status":"publish","type":"product","link":"https:\/\/www.sinpeks.com\/rs\/p\/setvospremac-29-metara-agroberza\/","title":{"rendered":"Setvosprema\u010d 2,9 metara Agroberza"},"content":{"rendered":"<p>Setvosprema\u010d sa zadnjim rotorima, radne \u0161irine 2,9m, je priklju\u010dna ma\u0161ina za traktor koja se koristi za pripremu tla pre setve i sadnje.<\/p>\n","protected":false},"excerpt":{"rendered":"<p>Setvosprema\u010d sa zadnjim rotorima, radne \u0161irine 2,9m, je priklju\u010dna ma\u0161ina za traktor koja se koristi za pripremu tla pre setve i sadnje.<\/p>\n","protected":false},"featured_media":15848,"comment_status":"open","ping_status":"closed","template":"","meta":{"_acf_changed":false},"product_cat":[86],"product_tag":[],"class_list":{"0":"post-12454","1":"product","2":"type-product","3":"status-publish","4":"has-post-thumbnail","6":"product_cat-setvospremaci","7":"product_shipping_class-ostale-kategorije-makedonija","8":"pa_b-agro-berza","9":"pa_broj-radnih-tela-3923","10":"pa_market-ba","11":"pa_market-mk","12":"pa_market-rs","13":"pa_min-snaga-traktora-70-ks","14":"pa_radna-dubina-10-cm","15":"pa_radna-sirina-290cm","17":"first","18":"outofstock","19":"sale","20":"taxable","21":"shipping-taxable","22":"purchasable","23":"product-type-simple"},"acf":[],"seolaxy_ctr_woo_product_custom_meta_description_content":"","_links":{"self":[{"href":"https:\/\/www.sinpeks.com\/rs\/wp-json\/wp\/v2\/product\/12454","targetHints":{"allow":["GET"]}}],"collection":[{"href":"https:\/\/www.sinpeks.com\/rs\/wp-json\/wp\/v2\/product"}],"about":[{"href":"https:\/\/www.sinpeks.com\/rs\/wp-json\/wp\/v2\/types\/product"}],"replies":[{"embeddable":true,"href":"https:\/\/www.sinpeks.com\/rs\/wp-json\/wp\/v2\/comments?post=12454"}],"wp:featuredmedia":[{"embeddable":true,"href":"https:\/\/www.sinpeks.com\/rs\/wp-json\/wp\/v2\/media\/15848"}],"wp:attachment":[{"href":"https:\/\/www.sinpeks.com\/rs\/wp-json\/wp\/v2\/media?parent=12454"}],"wp:term":[{"taxonomy":"product_cat","embeddable":true,"href":"https:\/\/www.sinpeks.com\/rs\/wp-json\/wp\/v2\/product_cat?post=12454"},{"taxonomy":"product_tag","embeddable":true,"href":"https:\/\/www.sinpeks.com\/rs\/wp-json\/wp\/v2\/product_tag?post=12454"}],"curies":[{"name":"wp","href":"https:\/\/api.w.org\/{rel}","templated":true}]}}