{"id":12452,"date":"2024-11-19T18:01:08","date_gmt":"2024-11-19T18:01:08","guid":{"rendered":"https:\/\/www.sinpeks.com\/rs\/p\/setvospremac-zamidis-2-0m\/"},"modified":"2026-01-13T10:49:10","modified_gmt":"2026-01-13T10:49:10","slug":"setvospremac-zamidis-2-0m","status":"publish","type":"product","link":"https:\/\/www.sinpeks.com\/rs\/p\/setvospremac-zamidis-2-0m\/","title":{"rendered":"Setvosprema\u010d Zamidis 2.0m sa duplim rotorima"},"content":{"rendered":"<p>Zamidis setvosprema\u010di su ma\u0161ine koje se \u0161iroko koriste u poljoprivredi. Koriste se u zavr\u0161noj fazi obrade zemlji\u0161ta pre setve. Po\u017eeljno ih je koristiti u uslovima kada je zemlja vla\u017ena kako bi se ra\u0161irio sloj gde treba da padne seme. U uslovima su\u0161e sa ovom ma\u0161inom se ne\u0107e posti\u0107i \u017eeljeni efekat. C-opruge ulaze u zemlju, rotori postavljeni unazad melju zemlju da bi se postigla potrebna meko\u0107a pre setve. Priklju\u010dak je u tri ta\u010dke kategorije I i II. Standardna oprema uklju\u010duje: metalnu konstrukciju sa odre\u0111enim brojem C-opruga i jedan ili dva reda rotora (opciono).<\/p>\n","protected":false},"excerpt":{"rendered":"<p>Zamidis setvosprema\u010di su ma\u0161ine koje se \u0161iroko koriste u poljoprivredi. Koriste se u zavr\u0161noj fazi obrade zemlji\u0161ta pre setve. Po\u017eeljno ih je koristiti u uslovima kada je zemlja vla\u017ena kako bi se ra\u0161irio sloj gde treba da padne seme. U uslovima su\u0161e sa ovom ma\u0161inom se ne\u0107e posti\u0107i \u017eeljeni efekat. C-opruge ulaze u zemlju, rotori [&hellip;]<\/p>\n","protected":false},"featured_media":15845,"comment_status":"open","ping_status":"closed","template":"","meta":{"_acf_changed":false},"product_cat":[86],"product_tag":[],"class_list":{"0":"post-12452","1":"product","2":"type-product","3":"status-publish","4":"has-post-thumbnail","6":"product_cat-setvospremaci","7":"product_shipping_class-ostale-kategorije-makedonija","8":"pa_b-zamidis","9":"pa_broj-radnih-tela-3919","10":"pa_market-ba","11":"pa_market-mk","12":"pa_market-rs","13":"pa_min-snaga-traktora-60-ks","14":"pa_radna-dubina-10-cm","15":"pa_radna-sirina-200cm","17":"first","18":"outofstock","19":"sale","20":"taxable","21":"shipping-taxable","22":"purchasable","23":"product-type-simple"},"acf":[],"seolaxy_ctr_woo_product_custom_meta_description_content":"","_links":{"self":[{"href":"https:\/\/www.sinpeks.com\/rs\/wp-json\/wp\/v2\/product\/12452","targetHints":{"allow":["GET"]}}],"collection":[{"href":"https:\/\/www.sinpeks.com\/rs\/wp-json\/wp\/v2\/product"}],"about":[{"href":"https:\/\/www.sinpeks.com\/rs\/wp-json\/wp\/v2\/types\/product"}],"replies":[{"embeddable":true,"href":"https:\/\/www.sinpeks.com\/rs\/wp-json\/wp\/v2\/comments?post=12452"}],"wp:featuredmedia":[{"embeddable":true,"href":"https:\/\/www.sinpeks.com\/rs\/wp-json\/wp\/v2\/media\/15845"}],"wp:attachment":[{"href":"https:\/\/www.sinpeks.com\/rs\/wp-json\/wp\/v2\/media?parent=12452"}],"wp:term":[{"taxonomy":"product_cat","embeddable":true,"href":"https:\/\/www.sinpeks.com\/rs\/wp-json\/wp\/v2\/product_cat?post=12452"},{"taxonomy":"product_tag","embeddable":true,"href":"https:\/\/www.sinpeks.com\/rs\/wp-json\/wp\/v2\/product_tag?post=12452"}],"curies":[{"name":"wp","href":"https:\/\/api.w.org\/{rel}","templated":true}]}}