{"id":12450,"date":"2024-11-19T18:01:06","date_gmt":"2024-11-19T18:01:06","guid":{"rendered":"https:\/\/www.sinpeks.com\/rs\/p\/setvospremac-18-metra-satex\/"},"modified":"2026-01-13T10:41:08","modified_gmt":"2026-01-13T10:41:08","slug":"setvospremac-18-metra-satex","status":"publish","type":"product","link":"https:\/\/www.sinpeks.com\/rs\/p\/setvospremac-18-metra-satex\/","title":{"rendered":"Setvosprema\u010d 1,8 metra Satex"},"content":{"rendered":"<p>Setvosprema\u010d 1,8m ima sistem okvira visokog kvaliteta od visoko kvalifikovanog \u010delika, radna tela od legiranog \u010delika visokog kvaliteta od dugo afirmisanog italijanskog proizvo\u0111a\u010da, jedinstveni dizajn rotora, implementacija zasnovana na sopstvenom iskustvu. Primena: za pripremu tla pre setve i sadnje.<\/p>\n","protected":false},"excerpt":{"rendered":"<p>Setvosprema\u010d 1,8m ima sistem okvira visokog kvaliteta od visoko kvalifikovanog \u010delika, radna tela od legiranog \u010delika visokog kvaliteta od dugo afirmisanog italijanskog proizvo\u0111a\u010da, jedinstveni dizajn rotora, implementacija zasnovana na sopstvenom iskustvu. Primena: za pripremu tla pre setve i sadnje.<\/p>\n","protected":false},"featured_media":15843,"comment_status":"open","ping_status":"closed","template":"","meta":{"_acf_changed":false},"product_cat":[86],"product_tag":[],"class_list":{"0":"post-12450","1":"product","2":"type-product","3":"status-publish","4":"has-post-thumbnail","6":"product_cat-setvospremaci","7":"product_shipping_class-ostale-kategorije-makedonija","8":"pa_b-satex","9":"pa_broj-radnih-tela-3917","10":"pa_market-ba","11":"pa_market-mk","12":"pa_market-rs","13":"pa_min-snaga-traktora-35-ks","14":"pa_radna-dubina-5-18-cm","15":"pa_radna-sirina-180cm","17":"first","18":"outofstock","19":"sale","20":"taxable","21":"shipping-taxable","22":"purchasable","23":"product-type-simple"},"acf":[],"seolaxy_ctr_woo_product_custom_meta_description_content":"","_links":{"self":[{"href":"https:\/\/www.sinpeks.com\/rs\/wp-json\/wp\/v2\/product\/12450","targetHints":{"allow":["GET"]}}],"collection":[{"href":"https:\/\/www.sinpeks.com\/rs\/wp-json\/wp\/v2\/product"}],"about":[{"href":"https:\/\/www.sinpeks.com\/rs\/wp-json\/wp\/v2\/types\/product"}],"replies":[{"embeddable":true,"href":"https:\/\/www.sinpeks.com\/rs\/wp-json\/wp\/v2\/comments?post=12450"}],"wp:featuredmedia":[{"embeddable":true,"href":"https:\/\/www.sinpeks.com\/rs\/wp-json\/wp\/v2\/media\/15843"}],"wp:attachment":[{"href":"https:\/\/www.sinpeks.com\/rs\/wp-json\/wp\/v2\/media?parent=12450"}],"wp:term":[{"taxonomy":"product_cat","embeddable":true,"href":"https:\/\/www.sinpeks.com\/rs\/wp-json\/wp\/v2\/product_cat?post=12450"},{"taxonomy":"product_tag","embeddable":true,"href":"https:\/\/www.sinpeks.com\/rs\/wp-json\/wp\/v2\/product_tag?post=12450"}],"curies":[{"name":"wp","href":"https:\/\/api.w.org\/{rel}","templated":true}]}}