{"id":12449,"date":"2024-11-19T18:01:06","date_gmt":"2024-11-19T18:01:06","guid":{"rendered":"https:\/\/www.sinpeks.com\/rs\/p\/plug-4-brazdni-14-inca-unlu-sa-hidraulikom\/"},"modified":"2026-04-23T09:30:51","modified_gmt":"2026-04-23T09:30:51","slug":"plug-4-brazdni-14-inca-unlu-sa-hidraulikom","status":"publish","type":"product","link":"https:\/\/www.sinpeks.com\/rs\/p\/plug-4-brazdni-14-inca-unlu-sa-hidraulikom\/","title":{"rendered":"Plug 4+ brazdni 14 in\u010da Unlu sa hidraulikom"},"content":{"rendered":"<p>Plug 4+ brazdni za jednosmerno oranje sa hidrauli\u010dnim pode\u0161avanjem \u0161irine i mogu\u0107no\u0161\u0107u dodavanja dodatnog radnog tela. VariPlus sistem trenutnog pode\u0161avanja \u0161irine brazde, izuzetno izdr\u017eljiv povr\u0161inski sloj za\u0161ti\u0107en postupkom elektrostatske plastifikacije metala, dizajniran za mala do srednja zemlji\u0161ta. Dodatni \u017eivotni vek zahvaljujuc\u0301i UNLU tehnologiji termi\u010dke obrade \u010delika.<\/p>\n","protected":false},"excerpt":{"rendered":"<p>Plug 4+ brazdni za jednosmerno oranje sa hidrauli\u010dnim pode\u0161avanjem \u0161irine i mogu\u0107no\u0161\u0107u dodavanja dodatnog radnog tela. VariPlus sistem trenutnog pode\u0161avanja \u0161irine brazde, izuzetno izdr\u017eljiv povr\u0161inski sloj za\u0161ti\u0107en postupkom elektrostatske plastifikacije metala, dizajniran za mala do srednja zemlji\u0161ta. Dodatni \u017eivotni vek zahvaljujuc\u0301i UNLU tehnologiji termi\u010dke obrade \u010delika.<\/p>\n","protected":false},"featured_media":15841,"comment_status":"open","ping_status":"closed","template":"","meta":{"_acf_changed":false},"product_cat":[77],"product_tag":[],"class_list":{"0":"post-12449","1":"product","2":"type-product","3":"status-publish","4":"has-post-thumbnail","6":"product_cat-plugovi","7":"product_shipping_class-ostale-kategorije-makedonija","8":"pa_b-unlu","9":"pa_broj-brazdi-cetvorobrazdni","10":"pa_market-ba","11":"pa_market-mk","12":"pa_market-rs","13":"pa_min-snaga-traktora-90-ks","15":"first","16":"instock","17":"sale","18":"taxable","19":"shipping-taxable","20":"purchasable","21":"product-type-simple"},"acf":[],"seolaxy_ctr_woo_product_custom_meta_description_content":"","_links":{"self":[{"href":"https:\/\/www.sinpeks.com\/rs\/wp-json\/wp\/v2\/product\/12449","targetHints":{"allow":["GET"]}}],"collection":[{"href":"https:\/\/www.sinpeks.com\/rs\/wp-json\/wp\/v2\/product"}],"about":[{"href":"https:\/\/www.sinpeks.com\/rs\/wp-json\/wp\/v2\/types\/product"}],"replies":[{"embeddable":true,"href":"https:\/\/www.sinpeks.com\/rs\/wp-json\/wp\/v2\/comments?post=12449"}],"wp:featuredmedia":[{"embeddable":true,"href":"https:\/\/www.sinpeks.com\/rs\/wp-json\/wp\/v2\/media\/15841"}],"wp:attachment":[{"href":"https:\/\/www.sinpeks.com\/rs\/wp-json\/wp\/v2\/media?parent=12449"}],"wp:term":[{"taxonomy":"product_cat","embeddable":true,"href":"https:\/\/www.sinpeks.com\/rs\/wp-json\/wp\/v2\/product_cat?post=12449"},{"taxonomy":"product_tag","embeddable":true,"href":"https:\/\/www.sinpeks.com\/rs\/wp-json\/wp\/v2\/product_tag?post=12449"}],"curies":[{"name":"wp","href":"https:\/\/api.w.org\/{rel}","templated":true}]}}