{"id":12446,"date":"2024-11-19T18:01:04","date_gmt":"2024-11-19T18:01:04","guid":{"rendered":"https:\/\/www.sinpeks.com\/rs\/p\/plug-4-brazdni-10-inca-unlu\/"},"modified":"2026-04-23T09:28:57","modified_gmt":"2026-04-23T09:28:57","slug":"plug-4-brazdni-10-inca-unlu","status":"publish","type":"product","link":"https:\/\/www.sinpeks.com\/rs\/p\/plug-4-brazdni-10-inca-unlu\/","title":{"rendered":"Plug 4 brazdni 10 in\u010da Unlu"},"content":{"rendered":"<p>Konvencionalni 4-brazdni plug za jednosmerno oranje, veli\u010dina pluga 10&#8243;, male do srednje te\u017eine omoguc\u0301ava laku i prakti\u010dnu poljoprivrednu primenu. Prednosti: \u0160irok spektar opcija, fiksno telo za \u010dvrsto oranje, izuzetno izdr\u017eljiv, povr\u0161inski sloj sa visokom otporno\u0161\u0107u na koroziju dobijen postupkom elektrostatske plastifikacije metala, dizajniran za mala zemlji\u0161ta. Dodatni \u017eivotni vek zahvaljujuc\u0301i UNLU tehnologiji termi\u010dke obrade \u010delika.<\/p>\n","protected":false},"excerpt":{"rendered":"<p>Konvencionalni 4-brazdni plug za jednosmerno oranje, veli\u010dina pluga 10&#8243;, male do srednje te\u017eine omoguc\u0301ava laku i prakti\u010dnu poljoprivrednu primenu. Prednosti: \u0160irok spektar opcija, fiksno telo za \u010dvrsto oranje, izuzetno izdr\u017eljiv, povr\u0161inski sloj sa visokom otporno\u0161\u0107u na koroziju dobijen postupkom elektrostatske plastifikacije metala, dizajniran za mala zemlji\u0161ta. Dodatni \u017eivotni vek zahvaljujuc\u0301i UNLU tehnologiji termi\u010dke obrade \u010delika.<\/p>\n","protected":false},"featured_media":16534,"comment_status":"open","ping_status":"closed","template":"","meta":{"_acf_changed":false},"product_cat":[77],"product_tag":[],"class_list":{"0":"post-12446","1":"product","2":"type-product","3":"status-publish","4":"has-post-thumbnail","6":"product_cat-plugovi","7":"product_shipping_class-ostale-kategorije-makedonija","8":"pa_b-unlu","9":"pa_broj-brazdi-cetvorobrazdni","10":"pa_market-ba","11":"pa_market-mk","12":"pa_market-rs","13":"pa_min-snaga-traktora-50-70-ks","15":"first","16":"instock","17":"sale","18":"taxable","19":"shipping-taxable","20":"purchasable","21":"product-type-simple"},"acf":[],"seolaxy_ctr_woo_product_custom_meta_description_content":"","_links":{"self":[{"href":"https:\/\/www.sinpeks.com\/rs\/wp-json\/wp\/v2\/product\/12446","targetHints":{"allow":["GET"]}}],"collection":[{"href":"https:\/\/www.sinpeks.com\/rs\/wp-json\/wp\/v2\/product"}],"about":[{"href":"https:\/\/www.sinpeks.com\/rs\/wp-json\/wp\/v2\/types\/product"}],"replies":[{"embeddable":true,"href":"https:\/\/www.sinpeks.com\/rs\/wp-json\/wp\/v2\/comments?post=12446"}],"wp:featuredmedia":[{"embeddable":true,"href":"https:\/\/www.sinpeks.com\/rs\/wp-json\/wp\/v2\/media\/16534"}],"wp:attachment":[{"href":"https:\/\/www.sinpeks.com\/rs\/wp-json\/wp\/v2\/media?parent=12446"}],"wp:term":[{"taxonomy":"product_cat","embeddable":true,"href":"https:\/\/www.sinpeks.com\/rs\/wp-json\/wp\/v2\/product_cat?post=12446"},{"taxonomy":"product_tag","embeddable":true,"href":"https:\/\/www.sinpeks.com\/rs\/wp-json\/wp\/v2\/product_tag?post=12446"}],"curies":[{"name":"wp","href":"https:\/\/api.w.org\/{rel}","templated":true}]}}