{"id":12444,"date":"2024-11-19T18:01:03","date_gmt":"2024-11-19T18:01:03","guid":{"rendered":"https:\/\/www.sinpeks.com\/rs\/p\/plug-4-brazdni-agrobar-vinogradarski\/"},"modified":"2026-01-13T11:02:56","modified_gmt":"2026-01-13T11:02:56","slug":"plug-4-brazdni-agrobar-vinogradarski","status":"publish","type":"product","link":"https:\/\/www.sinpeks.com\/rs\/p\/plug-4-brazdni-agrobar-vinogradarski\/","title":{"rendered":"Plug 4 brazdni Agrobar &#8211; vinogradarski"},"content":{"rendered":"<p>Vinogradarski \u010detvorobrazdni lak plug makedonskog proizvo\u0111a\u010da, omogu\u0107uje jednostrano oranje. Koristi se u vinogradarstvu i vo\u0107arstvu.<\/p>\n","protected":false},"excerpt":{"rendered":"<p>Vinogradarski \u010detvorobrazdni lak plug makedonskog proizvo\u0111a\u010da, omogu\u0107uje jednostrano oranje. Koristi se u vinogradarstvu i vo\u0107arstvu.<\/p>\n","protected":false},"featured_media":15837,"comment_status":"open","ping_status":"closed","template":"","meta":{"_acf_changed":false},"product_cat":[77],"product_tag":[],"class_list":{"0":"post-12444","1":"product","2":"type-product","3":"status-publish","4":"has-post-thumbnail","6":"product_cat-plugovi","7":"product_shipping_class-ostale-kategorije-makedonija","8":"pa_b-agrobar","9":"pa_broj-brazdi-cetvorobrazdni","10":"pa_market-ba","11":"pa_market-mk","12":"pa_market-rs","13":"pa_min-snaga-traktora-40-ks","15":"first","16":"outofstock","17":"sale","18":"taxable","19":"shipping-taxable","20":"purchasable","21":"product-type-simple"},"acf":[],"seolaxy_ctr_woo_product_custom_meta_description_content":"","_links":{"self":[{"href":"https:\/\/www.sinpeks.com\/rs\/wp-json\/wp\/v2\/product\/12444","targetHints":{"allow":["GET"]}}],"collection":[{"href":"https:\/\/www.sinpeks.com\/rs\/wp-json\/wp\/v2\/product"}],"about":[{"href":"https:\/\/www.sinpeks.com\/rs\/wp-json\/wp\/v2\/types\/product"}],"replies":[{"embeddable":true,"href":"https:\/\/www.sinpeks.com\/rs\/wp-json\/wp\/v2\/comments?post=12444"}],"wp:featuredmedia":[{"embeddable":true,"href":"https:\/\/www.sinpeks.com\/rs\/wp-json\/wp\/v2\/media\/15837"}],"wp:attachment":[{"href":"https:\/\/www.sinpeks.com\/rs\/wp-json\/wp\/v2\/media?parent=12444"}],"wp:term":[{"taxonomy":"product_cat","embeddable":true,"href":"https:\/\/www.sinpeks.com\/rs\/wp-json\/wp\/v2\/product_cat?post=12444"},{"taxonomy":"product_tag","embeddable":true,"href":"https:\/\/www.sinpeks.com\/rs\/wp-json\/wp\/v2\/product_tag?post=12444"}],"curies":[{"name":"wp","href":"https:\/\/api.w.org\/{rel}","templated":true}]}}