{"id":12440,"date":"2024-11-19T18:01:01","date_gmt":"2024-11-19T18:01:01","guid":{"rendered":"https:\/\/www.sinpeks.com\/rs\/p\/plug-5-brazdni-12-inca-unlu\/"},"modified":"2026-01-13T10:58:53","modified_gmt":"2026-01-13T10:58:53","slug":"plug-5-brazdni-12-inca-unlu","status":"publish","type":"product","link":"https:\/\/www.sinpeks.com\/rs\/p\/plug-5-brazdni-12-inca-unlu\/","title":{"rendered":"Plug 5 brazdni 12 in\u010da Unlu"},"content":{"rendered":"<p>Konvencionalni 5-brazdni plugovi za jednosmerno oranje, veli\u010dina pluga 12&#8243;, male do srednje te\u017eine omoguc\u0301avaju laku i prakti\u010dnu poljoprivrednu primenu. Prednosti: \u0160irok spektar opcija, fiksno telo za \u010dvrsto oranje, izuzetno izdr\u017eljiv povr\u0161inski sloj nane\u0161en elektrostati\u010dkim pra\u0161kastim premazom (postupak elektrostatske plastifikacije metala), dizajnirano za mala zemlji\u0161ta na jednosmernom i laganom oranju. Dodatni \u017eivotni vek zahvaljujuc\u0301i UNLU tehnologiji termi\u010dke obrade \u010delika.<\/p>\n","protected":false},"excerpt":{"rendered":"<p>Konvencionalni 5-brazdni plugovi za jednosmerno oranje, veli\u010dina pluga 12&#8243;, male do srednje te\u017eine omoguc\u0301avaju laku i prakti\u010dnu poljoprivrednu primenu. Prednosti: \u0160irok spektar opcija, fiksno telo za \u010dvrsto oranje, izuzetno izdr\u017eljiv povr\u0161inski sloj nane\u0161en elektrostati\u010dkim pra\u0161kastim premazom (postupak elektrostatske plastifikacije metala), dizajnirano za mala zemlji\u0161ta na jednosmernom i laganom oranju. Dodatni \u017eivotni vek zahvaljujuc\u0301i UNLU tehnologiji [&hellip;]<\/p>\n","protected":false},"featured_media":19094,"comment_status":"open","ping_status":"closed","template":"","meta":{"_acf_changed":false},"product_cat":[77],"product_tag":[],"class_list":{"0":"post-12440","1":"product","2":"type-product","3":"status-publish","4":"has-post-thumbnail","6":"product_cat-plugovi","7":"product_shipping_class-ostale-kategorije-makedonija","8":"pa_b-unlu","9":"pa_broj-brazdi-petobrazdni","10":"pa_market-ba","11":"pa_market-mk","12":"pa_market-rs","13":"pa_min-snaga-traktora-80-100-ks","15":"first","16":"outofstock","17":"sale","18":"taxable","19":"shipping-taxable","20":"purchasable","21":"product-type-simple"},"acf":[],"seolaxy_ctr_woo_product_custom_meta_description_content":"","_links":{"self":[{"href":"https:\/\/www.sinpeks.com\/rs\/wp-json\/wp\/v2\/product\/12440","targetHints":{"allow":["GET"]}}],"collection":[{"href":"https:\/\/www.sinpeks.com\/rs\/wp-json\/wp\/v2\/product"}],"about":[{"href":"https:\/\/www.sinpeks.com\/rs\/wp-json\/wp\/v2\/types\/product"}],"replies":[{"embeddable":true,"href":"https:\/\/www.sinpeks.com\/rs\/wp-json\/wp\/v2\/comments?post=12440"}],"wp:featuredmedia":[{"embeddable":true,"href":"https:\/\/www.sinpeks.com\/rs\/wp-json\/wp\/v2\/media\/19094"}],"wp:attachment":[{"href":"https:\/\/www.sinpeks.com\/rs\/wp-json\/wp\/v2\/media?parent=12440"}],"wp:term":[{"taxonomy":"product_cat","embeddable":true,"href":"https:\/\/www.sinpeks.com\/rs\/wp-json\/wp\/v2\/product_cat?post=12440"},{"taxonomy":"product_tag","embeddable":true,"href":"https:\/\/www.sinpeks.com\/rs\/wp-json\/wp\/v2\/product_tag?post=12440"}],"curies":[{"name":"wp","href":"https:\/\/api.w.org\/{rel}","templated":true}]}}