{"id":12430,"date":"2024-11-19T18:00:56","date_gmt":"2024-11-19T18:00:56","guid":{"rendered":"https:\/\/www.sinpeks.com\/rs\/p\/plug-4-brazdni-14-inca-unlu-mehanicki\/"},"modified":"2026-02-16T15:17:04","modified_gmt":"2026-02-16T15:17:04","slug":"plug-4-brazdni-14-inca-unlu-mehanicki","status":"publish","type":"product","link":"https:\/\/www.sinpeks.com\/rs\/p\/plug-4-brazdni-14-inca-unlu-mehanicki\/","title":{"rendered":"Plug 4 (3+1) brazdni 14 in\u010da Unlu &#8211; mehani\u010dki"},"content":{"rendered":"<p>Konvencionalni 3+1-brazdni plugovi za jednosmerno oranje, veli\u010dina pluga 14&#8243;, male do srednje te\u017eine omoguc\u0301avaju laku i prakti\u010dnu poljoprivrednu primenu. Prednosti: \u0160irok spektar opcija, fiksno telo za \u010dvrsto oranje, izuzetno izdr\u017eljiv povr\u0161inski sloj nan\u0435\u0161en elektrostati\u010dkim pra\u0161kastim premazom (postupak elektrostatske plastifikacije metala), dizajnirani za mala zemlji\u0161ta. Dodatni \u017eivotni vek zahvaljujuc\u0301i UNLU tehnologiji termi\u010dke obrade \u010delika.<\/p>\n","protected":false},"excerpt":{"rendered":"<p>Konvencionalni 3+1-brazdni plugovi za jednosmerno oranje, veli\u010dina pluga 14&#8243;, male do srednje te\u017eine omoguc\u0301avaju laku i prakti\u010dnu poljoprivrednu primenu. Prednosti: \u0160irok spektar opcija, fiksno telo za \u010dvrsto oranje, izuzetno izdr\u017eljiv povr\u0161inski sloj nan\u0435\u0161en elektrostati\u010dkim pra\u0161kastim premazom (postupak elektrostatske plastifikacije metala), dizajnirani za mala zemlji\u0161ta. Dodatni \u017eivotni vek zahvaljujuc\u0301i UNLU tehnologiji termi\u010dke obrade \u010delika.<\/p>\n","protected":false},"featured_media":15823,"comment_status":"open","ping_status":"closed","template":"","meta":{"_acf_changed":false},"product_cat":[77],"product_tag":[],"class_list":{"0":"post-12430","1":"product","2":"type-product","3":"status-publish","4":"has-post-thumbnail","6":"product_cat-plugovi","7":"product_shipping_class-ostale-kategorije-makedonija","8":"pa_b-unlu","9":"pa_broj-brazdi-cetvorobrazdni","10":"pa_market-ba","11":"pa_market-mk","12":"pa_market-rs","13":"pa_min-snaga-traktora-90-130-ks","15":"first","16":"outofstock","17":"sale","18":"taxable","19":"shipping-taxable","20":"purchasable","21":"product-type-simple"},"acf":[],"seolaxy_ctr_woo_product_custom_meta_description_content":"","_links":{"self":[{"href":"https:\/\/www.sinpeks.com\/rs\/wp-json\/wp\/v2\/product\/12430","targetHints":{"allow":["GET"]}}],"collection":[{"href":"https:\/\/www.sinpeks.com\/rs\/wp-json\/wp\/v2\/product"}],"about":[{"href":"https:\/\/www.sinpeks.com\/rs\/wp-json\/wp\/v2\/types\/product"}],"replies":[{"embeddable":true,"href":"https:\/\/www.sinpeks.com\/rs\/wp-json\/wp\/v2\/comments?post=12430"}],"wp:featuredmedia":[{"embeddable":true,"href":"https:\/\/www.sinpeks.com\/rs\/wp-json\/wp\/v2\/media\/15823"}],"wp:attachment":[{"href":"https:\/\/www.sinpeks.com\/rs\/wp-json\/wp\/v2\/media?parent=12430"}],"wp:term":[{"taxonomy":"product_cat","embeddable":true,"href":"https:\/\/www.sinpeks.com\/rs\/wp-json\/wp\/v2\/product_cat?post=12430"},{"taxonomy":"product_tag","embeddable":true,"href":"https:\/\/www.sinpeks.com\/rs\/wp-json\/wp\/v2\/product_tag?post=12430"}],"curies":[{"name":"wp","href":"https:\/\/api.w.org\/{rel}","templated":true}]}}