{"id":12423,"date":"2024-11-19T18:00:52","date_gmt":"2024-11-19T18:00:52","guid":{"rendered":"https:\/\/www.sinpeks.com\/rs\/p\/tarup-1-55-ef-155\/"},"modified":"2026-04-28T13:03:11","modified_gmt":"2026-04-28T13:03:11","slug":"tarup-1-55-ef-155","status":"publish","type":"product","link":"https:\/\/www.sinpeks.com\/rs\/p\/tarup-1-55-ef-155\/","title":{"rendered":"Tarup 1.55\/ Agrina EF 155"},"content":{"rendered":"<p>Tarup EF-155 (155cm) je robusan mul\u010der dizajniran da kosi i mal\u010di visoku i neurednu travu sa kojom obi\u010dna kosilica ne mo\u017ee da se spravi. Ovaj mul\u010der je pogodan za traktore od 25 KS (konja). EF-155 je pri\u010dvr\u0161c\u0301en za zadnji deo traktora pomoc\u0301u sistema za vu\u010du u tri ta\u010dke. Tarup EF-155 se isporu\u010duje sa robusnim \u010dekic\u0301ima &#8222;T&#8220; oblika, prodaje se u kompletu sa kardanskim vratilom, potpuno spreman za upotrebu.<\/p>\n<p>&nbsp;<\/p>\n","protected":false},"excerpt":{"rendered":"<p>Tarup EF-155 (155cm) je robusan mul\u010der dizajniran da kosi i mal\u010di visoku i neurednu travu sa kojom obi\u010dna kosilica ne mo\u017ee da se spravi. Ovaj mul\u010der je pogodan za traktore od 25 KS (konja). EF-155 je pri\u010dvr\u0161c\u0301en za zadnji deo traktora pomoc\u0301u sistema za vu\u010du u tri ta\u010dke. Tarup EF-155 se isporu\u010duje sa robusnim \u010dekic\u0301ima [&hellip;]<\/p>\n","protected":false},"featured_media":21041,"comment_status":"open","ping_status":"closed","template":"","meta":{"_acf_changed":false},"product_cat":[82],"product_tag":[],"class_list":{"0":"post-12423","1":"product","2":"type-product","3":"status-publish","4":"has-post-thumbnail","6":"product_cat-tarupi","7":"product_shipping_class-ostale-kategorije-srbija","8":"pa_b-agrina","9":"pa_broj-radnih-tela-3868","10":"pa_market-ba","11":"pa_market-mk","12":"pa_market-rs","13":"pa_min-snaga-traktora-20-55-ks","14":"pa_radna-sirina-155cm","16":"first","17":"instock","18":"sale","19":"taxable","20":"shipping-taxable","21":"purchasable","22":"product-type-simple"},"acf":[],"seolaxy_ctr_woo_product_custom_meta_description_content":"","_links":{"self":[{"href":"https:\/\/www.sinpeks.com\/rs\/wp-json\/wp\/v2\/product\/12423","targetHints":{"allow":["GET"]}}],"collection":[{"href":"https:\/\/www.sinpeks.com\/rs\/wp-json\/wp\/v2\/product"}],"about":[{"href":"https:\/\/www.sinpeks.com\/rs\/wp-json\/wp\/v2\/types\/product"}],"replies":[{"embeddable":true,"href":"https:\/\/www.sinpeks.com\/rs\/wp-json\/wp\/v2\/comments?post=12423"}],"wp:featuredmedia":[{"embeddable":true,"href":"https:\/\/www.sinpeks.com\/rs\/wp-json\/wp\/v2\/media\/21041"}],"wp:attachment":[{"href":"https:\/\/www.sinpeks.com\/rs\/wp-json\/wp\/v2\/media?parent=12423"}],"wp:term":[{"taxonomy":"product_cat","embeddable":true,"href":"https:\/\/www.sinpeks.com\/rs\/wp-json\/wp\/v2\/product_cat?post=12423"},{"taxonomy":"product_tag","embeddable":true,"href":"https:\/\/www.sinpeks.com\/rs\/wp-json\/wp\/v2\/product_tag?post=12423"}],"curies":[{"name":"wp","href":"https:\/\/api.w.org\/{rel}","templated":true}]}}