{"id":12419,"date":"2024-11-19T18:00:50","date_gmt":"2024-11-19T18:00:50","guid":{"rendered":"https:\/\/www.sinpeks.com\/rs\/p\/tarup-1-85m\/"},"modified":"2026-04-23T09:32:47","modified_gmt":"2026-04-23T09:32:47","slug":"tarup-1-85m","status":"publish","type":"product","link":"https:\/\/www.sinpeks.com\/rs\/p\/tarup-1-85m\/","title":{"rendered":"Tarup 1.85m Agrina"},"content":{"rendered":"<p>Tarup 185cm sa \u010dvrstom konstrukcijom za te\u0161ke uslove rada mo\u017ee se montirati na poluge u 3 ta\u010dke i PTO pogon. Pogodan za rezidbu ise\u010denih delova voc\u0301njaka, vinograda, pa\u0161njaka i odr\u017eavanja pored puta, jer ove ma\u0161ine mogu da mal\u010diraju i razgra\u0111uju materijale kao \u0161to su travnjak, duga te\u0161ka trava, \u0161tetni korov, \u0161tapovi i ostaci.<\/p>\n","protected":false},"excerpt":{"rendered":"<p>Tarup 185cm sa \u010dvrstom konstrukcijom za te\u0161ke uslove rada mo\u017ee se montirati na poluge u 3 ta\u010dke i PTO pogon. Pogodan za rezidbu ise\u010denih delova voc\u0301njaka, vinograda, pa\u0161njaka i odr\u017eavanja pored puta, jer ove ma\u0161ine mogu da mal\u010diraju i razgra\u0111uju materijale kao \u0161to su travnjak, duga te\u0161ka trava, \u0161tetni korov, \u0161tapovi i ostaci.<\/p>\n","protected":false},"featured_media":15812,"comment_status":"open","ping_status":"closed","template":"","meta":{"_acf_changed":false},"product_cat":[82],"product_tag":[],"class_list":{"0":"post-12419","1":"product","2":"type-product","3":"status-publish","4":"has-post-thumbnail","6":"product_cat-tarupi","7":"product_shipping_class-ostale-kategorije-srbija","8":"pa_b-agrina","9":"pa_broj-radnih-tela-32-64noza","10":"pa_market-ba","11":"pa_market-mk","12":"pa_market-rs","13":"pa_min-snaga-traktora-20-55-ks","14":"pa_radna-sirina-185cm","16":"first","17":"instock","18":"sale","19":"taxable","20":"shipping-taxable","21":"purchasable","22":"product-type-simple"},"acf":[],"seolaxy_ctr_woo_product_custom_meta_description_content":"","_links":{"self":[{"href":"https:\/\/www.sinpeks.com\/rs\/wp-json\/wp\/v2\/product\/12419","targetHints":{"allow":["GET"]}}],"collection":[{"href":"https:\/\/www.sinpeks.com\/rs\/wp-json\/wp\/v2\/product"}],"about":[{"href":"https:\/\/www.sinpeks.com\/rs\/wp-json\/wp\/v2\/types\/product"}],"replies":[{"embeddable":true,"href":"https:\/\/www.sinpeks.com\/rs\/wp-json\/wp\/v2\/comments?post=12419"}],"wp:featuredmedia":[{"embeddable":true,"href":"https:\/\/www.sinpeks.com\/rs\/wp-json\/wp\/v2\/media\/15812"}],"wp:attachment":[{"href":"https:\/\/www.sinpeks.com\/rs\/wp-json\/wp\/v2\/media?parent=12419"}],"wp:term":[{"taxonomy":"product_cat","embeddable":true,"href":"https:\/\/www.sinpeks.com\/rs\/wp-json\/wp\/v2\/product_cat?post=12419"},{"taxonomy":"product_tag","embeddable":true,"href":"https:\/\/www.sinpeks.com\/rs\/wp-json\/wp\/v2\/product_tag?post=12419"}],"curies":[{"name":"wp","href":"https:\/\/api.w.org\/{rel}","templated":true}]}}