{"id":12417,"date":"2024-11-19T18:00:49","date_gmt":"2024-11-19T18:00:49","guid":{"rendered":"https:\/\/www.sinpeks.com\/rs\/p\/tarup-1-75m\/"},"modified":"2026-04-25T10:17:25","modified_gmt":"2026-04-25T10:17:25","slug":"tarup-1-75m","status":"publish","type":"product","link":"https:\/\/www.sinpeks.com\/rs\/p\/tarup-1-75m\/","title":{"rendered":"Tarup 1.75m Agrina"},"content":{"rendered":"<p>Tarup 175cm kosilica-mul\u010der za korov i travu. Pru\u017ea glatku i bolju zavr\u0161nu obradu. Ovaj model je odli\u010dan za srednje povr\u0161ine. Tarupi su korisni za poslove u kojima kosite travu na neravnom terenu, visokoj travi i korovu. Kosilica ne baca travu, vec\u0301 fino se\u010de i ostavlja reznice na tlu gde je pose\u010dena, \u0161to je \u010dini odli\u010dnim izborom za ona mesta gde biste mogli da o\u0161tetite bacanjem krhotina. Ko\u0161enje na autoputu i \u200b\u200bodr\u017eavanje parkova \u010desto koriste tarupe jer je manja verovatnoc\u0301a da c\u0301e bacati predmete tokom se\u010denja.<\/p>\n","protected":false},"excerpt":{"rendered":"<p>Tarup 175cm kosilica-mul\u010der za korov i travu. Pru\u017ea glatku i bolju zavr\u0161nu obradu. Ovaj model je odli\u010dan za srednje povr\u0161ine. Tarupi su korisni za poslove u kojima kosite travu na neravnom terenu, visokoj travi i korovu. Kosilica ne baca travu, vec\u0301 fino se\u010de i ostavlja reznice na tlu gde je pose\u010dena, \u0161to je \u010dini odli\u010dnim [&hellip;]<\/p>\n","protected":false},"featured_media":15810,"comment_status":"open","ping_status":"closed","template":"","meta":{"_acf_changed":false},"product_cat":[82],"product_tag":[],"class_list":{"0":"post-12417","1":"product","2":"type-product","3":"status-publish","4":"has-post-thumbnail","6":"product_cat-tarupi","7":"product_shipping_class-ostale-kategorije-srbija","8":"pa_b-agrina","9":"pa_broj-radnih-tela-28-56-nozeva","10":"pa_market-ba","11":"pa_market-mk","12":"pa_market-rs","13":"pa_min-snaga-traktora-20-55-ks","14":"pa_radna-sirina-175cm","16":"first","17":"instock","18":"sale","19":"taxable","20":"shipping-taxable","21":"purchasable","22":"product-type-simple"},"acf":[],"seolaxy_ctr_woo_product_custom_meta_description_content":"","_links":{"self":[{"href":"https:\/\/www.sinpeks.com\/rs\/wp-json\/wp\/v2\/product\/12417","targetHints":{"allow":["GET"]}}],"collection":[{"href":"https:\/\/www.sinpeks.com\/rs\/wp-json\/wp\/v2\/product"}],"about":[{"href":"https:\/\/www.sinpeks.com\/rs\/wp-json\/wp\/v2\/types\/product"}],"replies":[{"embeddable":true,"href":"https:\/\/www.sinpeks.com\/rs\/wp-json\/wp\/v2\/comments?post=12417"}],"wp:featuredmedia":[{"embeddable":true,"href":"https:\/\/www.sinpeks.com\/rs\/wp-json\/wp\/v2\/media\/15810"}],"wp:attachment":[{"href":"https:\/\/www.sinpeks.com\/rs\/wp-json\/wp\/v2\/media?parent=12417"}],"wp:term":[{"taxonomy":"product_cat","embeddable":true,"href":"https:\/\/www.sinpeks.com\/rs\/wp-json\/wp\/v2\/product_cat?post=12417"},{"taxonomy":"product_tag","embeddable":true,"href":"https:\/\/www.sinpeks.com\/rs\/wp-json\/wp\/v2\/product_tag?post=12417"}],"curies":[{"name":"wp","href":"https:\/\/api.w.org\/{rel}","templated":true}]}}