{"id":12415,"date":"2024-11-19T18:00:48","date_gmt":"2024-11-19T18:00:48","guid":{"rendered":"https:\/\/www.sinpeks.com\/rs\/p\/tarup-1-65m\/"},"modified":"2026-05-11T11:08:08","modified_gmt":"2026-05-11T11:08:08","slug":"tarup-1-65m","status":"publish","type":"product","link":"https:\/\/www.sinpeks.com\/rs\/p\/tarup-1-65m\/","title":{"rendered":"Tarup 1.65m Agrina"},"content":{"rendered":"<p>Tarup\u00a0 sa radnim zahvatom od 165cm je robusna kosa\u010dica (mul\u010der) za te\u0161ke uslove rada dizajnirana za ko\u0161enje i mal\u010diranje visoke i neuredne trave sa kojom obi\u010dna kosilica ne mo\u017ee da se spravi. Ovaj mul\u010der je pogodan za traktore od 20-55 KS. Tarup 165 se pri\u010dvr\u0161c\u0301uje na zadnji deo traktora pomoc\u0301u sistema za ka\u010denje u tri ta\u010dke.<\/p>\n","protected":false},"excerpt":{"rendered":"<p>Tarup\u00a0 sa radnim zahvatom od 165cm je robusna kosa\u010dica (mul\u010der) za te\u0161ke uslove rada dizajnirana za ko\u0161enje i mal\u010diranje visoke i neuredne trave sa kojom obi\u010dna kosilica ne mo\u017ee da se spravi. Ovaj mul\u010der je pogodan za traktore od 20-55 KS. Tarup 165 se pri\u010dvr\u0161c\u0301uje na zadnji deo traktora pomoc\u0301u sistema za ka\u010denje u tri [&hellip;]<\/p>\n","protected":false},"featured_media":19225,"comment_status":"open","ping_status":"closed","template":"","meta":{"_acf_changed":false},"product_cat":[82],"product_tag":[],"class_list":{"0":"post-12415","1":"product","2":"type-product","3":"status-publish","4":"has-post-thumbnail","6":"product_cat-tarupi","7":"product_shipping_class-ostale-kategorije-srbija","8":"pa_b-agrina","9":"pa_broj-radnih-tela-3867","10":"pa_market-ba","11":"pa_market-mk","12":"pa_market-rs","13":"pa_min-snaga-traktora-22-55-ks","14":"pa_radna-sirina-165cm","16":"first","17":"instock","18":"sale","19":"taxable","20":"shipping-taxable","21":"purchasable","22":"product-type-simple"},"acf":[],"seolaxy_ctr_woo_product_custom_meta_description_content":"","_links":{"self":[{"href":"https:\/\/www.sinpeks.com\/rs\/wp-json\/wp\/v2\/product\/12415","targetHints":{"allow":["GET"]}}],"collection":[{"href":"https:\/\/www.sinpeks.com\/rs\/wp-json\/wp\/v2\/product"}],"about":[{"href":"https:\/\/www.sinpeks.com\/rs\/wp-json\/wp\/v2\/types\/product"}],"replies":[{"embeddable":true,"href":"https:\/\/www.sinpeks.com\/rs\/wp-json\/wp\/v2\/comments?post=12415"}],"wp:featuredmedia":[{"embeddable":true,"href":"https:\/\/www.sinpeks.com\/rs\/wp-json\/wp\/v2\/media\/19225"}],"wp:attachment":[{"href":"https:\/\/www.sinpeks.com\/rs\/wp-json\/wp\/v2\/media?parent=12415"}],"wp:term":[{"taxonomy":"product_cat","embeddable":true,"href":"https:\/\/www.sinpeks.com\/rs\/wp-json\/wp\/v2\/product_cat?post=12415"},{"taxonomy":"product_tag","embeddable":true,"href":"https:\/\/www.sinpeks.com\/rs\/wp-json\/wp\/v2\/product_tag?post=12415"}],"curies":[{"name":"wp","href":"https:\/\/api.w.org\/{rel}","templated":true}]}}