{"id":12414,"date":"2024-11-19T18:00:47","date_gmt":"2024-11-19T18:00:47","guid":{"rendered":"https:\/\/www.sinpeks.com\/rs\/p\/tarup-1-45m-sa-hidraulikom\/"},"modified":"2026-04-23T09:32:46","modified_gmt":"2026-04-23T09:32:46","slug":"tarup-1-45m-sa-hidraulikom","status":"publish","type":"product","link":"https:\/\/www.sinpeks.com\/rs\/p\/tarup-1-45m-sa-hidraulikom\/","title":{"rendered":"Tarup 1.45m Agrina sa hidraulikom"},"content":{"rendered":"<p>Tarup EFH-145 (mul\u010der) sa hidrauli\u010dnim pomeranjem u stranu, dizajniran za ko\u0161enje i mal\u010diranje visoke i neuredne trave sa kojom obi\u010dna kosilica ne mo\u017ee da se spravi. Ovaj mul\u010der je pogodan za traktore od 22-55 KS. EFH-145 je montiran na zadnjem delu traktora pomoc\u0301u povezivanja u tri ta\u010dke. Mo\u017eete da promenite njegov polo\u017eaj &#8211; pomerite ga u stranu, horizontalno.<\/p>\n","protected":false},"excerpt":{"rendered":"<p>Tarup EFH-145 (mul\u010der) sa hidrauli\u010dnim pomeranjem u stranu, dizajniran za ko\u0161enje i mal\u010diranje visoke i neuredne trave sa kojom obi\u010dna kosilica ne mo\u017ee da se spravi. Ovaj mul\u010der je pogodan za traktore od 22-55 KS. EFH-145 je montiran na zadnjem delu traktora pomoc\u0301u povezivanja u tri ta\u010dke. Mo\u017eete da promenite njegov polo\u017eaj &#8211; pomerite ga [&hellip;]<\/p>\n","protected":false},"featured_media":19217,"comment_status":"open","ping_status":"closed","template":"","meta":{"_acf_changed":false},"product_cat":[82],"product_tag":[],"class_list":{"0":"post-12414","1":"product","2":"type-product","3":"status-publish","4":"has-post-thumbnail","6":"product_cat-tarupi","7":"product_shipping_class-ostale-kategorije-srbija","8":"pa_b-agrina","9":"pa_broj-radnih-tela-3868","10":"pa_market-ba","11":"pa_market-mk","12":"pa_market-rs","13":"pa_min-snaga-traktora-20-55-ks","14":"pa_radna-sirina-145cm","16":"first","17":"instock","18":"sale","19":"taxable","20":"shipping-taxable","21":"purchasable","22":"product-type-simple"},"acf":[],"seolaxy_ctr_woo_product_custom_meta_description_content":"","_links":{"self":[{"href":"https:\/\/www.sinpeks.com\/rs\/wp-json\/wp\/v2\/product\/12414","targetHints":{"allow":["GET"]}}],"collection":[{"href":"https:\/\/www.sinpeks.com\/rs\/wp-json\/wp\/v2\/product"}],"about":[{"href":"https:\/\/www.sinpeks.com\/rs\/wp-json\/wp\/v2\/types\/product"}],"replies":[{"embeddable":true,"href":"https:\/\/www.sinpeks.com\/rs\/wp-json\/wp\/v2\/comments?post=12414"}],"wp:featuredmedia":[{"embeddable":true,"href":"https:\/\/www.sinpeks.com\/rs\/wp-json\/wp\/v2\/media\/19217"}],"wp:attachment":[{"href":"https:\/\/www.sinpeks.com\/rs\/wp-json\/wp\/v2\/media?parent=12414"}],"wp:term":[{"taxonomy":"product_cat","embeddable":true,"href":"https:\/\/www.sinpeks.com\/rs\/wp-json\/wp\/v2\/product_cat?post=12414"},{"taxonomy":"product_tag","embeddable":true,"href":"https:\/\/www.sinpeks.com\/rs\/wp-json\/wp\/v2\/product_tag?post=12414"}],"curies":[{"name":"wp","href":"https:\/\/api.w.org\/{rel}","templated":true}]}}