{"id":12411,"date":"2024-11-19T18:00:46","date_gmt":"2024-11-19T18:00:46","guid":{"rendered":"https:\/\/www.sinpeks.com\/rs\/p\/tarup-sa-bocnom-kosilicom-1-65m\/"},"modified":"2026-05-07T10:48:09","modified_gmt":"2026-05-07T10:48:09","slug":"tarup-sa-bocnom-kosilicom-1-65m","status":"publish","type":"product","link":"https:\/\/www.sinpeks.com\/rs\/p\/tarup-sa-bocnom-kosilicom-1-65m\/","title":{"rendered":"Tarup sa bo\u010dnom kosilicom 1.65m Agrina"},"content":{"rendered":"<p>Tarup radne \u0161irine od 165 cm, pogodan za mal\u010diranje trave, grmlja do \u00d8 4-5cm, u parkovima, zelenim povr\u0161inama, sportskim terenima itd. Ima jaku strukturu ka\u010denja i dobru balansnu osovinu. Jednostavna ali robusna konstrukcija omoguc\u0301ava automatsko ko\u0161enje oko drvec\u0301a, ograda, stubova, solarnih panela itd. Opremljen je bo\u010dnom kosilicom sa uglom rotacije od 60\u00b0.<\/p>\n<p>&nbsp;<\/p>\n<p>&nbsp;<\/p>\n<p>&nbsp;<\/p>\n","protected":false},"excerpt":{"rendered":"<p>Tarup radne \u0161irine od 165 cm, pogodan za mal\u010diranje trave, grmlja do \u00d8 4-5cm, u parkovima, zelenim povr\u0161inama, sportskim terenima itd. Ima jaku strukturu ka\u010denja i dobru balansnu osovinu. Jednostavna ali robusna konstrukcija omoguc\u0301ava automatsko ko\u0161enje oko drvec\u0301a, ograda, stubova, solarnih panela itd. Opremljen je bo\u010dnom kosilicom sa uglom rotacije od 60\u00b0. &nbsp; &nbsp; &nbsp;<\/p>\n","protected":false},"featured_media":15804,"comment_status":"open","ping_status":"closed","template":"","meta":{"_acf_changed":false},"product_cat":[82],"product_tag":[],"class_list":{"0":"post-12411","1":"product","2":"type-product","3":"status-publish","4":"has-post-thumbnail","6":"product_cat-tarupi","7":"product_shipping_class-ostale-kategorije-srbija","8":"pa_b-agrina","9":"pa_broj-radnih-tela-3874","10":"pa_market-ba","11":"pa_market-mk","12":"pa_market-rs","13":"pa_min-snaga-traktora-45-70-ks","14":"pa_radna-sirina-165cm","16":"first","17":"instock","18":"sale","19":"taxable","20":"shipping-taxable","21":"purchasable","22":"product-type-simple"},"acf":[],"seolaxy_ctr_woo_product_custom_meta_description_content":"","_links":{"self":[{"href":"https:\/\/www.sinpeks.com\/rs\/wp-json\/wp\/v2\/product\/12411","targetHints":{"allow":["GET"]}}],"collection":[{"href":"https:\/\/www.sinpeks.com\/rs\/wp-json\/wp\/v2\/product"}],"about":[{"href":"https:\/\/www.sinpeks.com\/rs\/wp-json\/wp\/v2\/types\/product"}],"replies":[{"embeddable":true,"href":"https:\/\/www.sinpeks.com\/rs\/wp-json\/wp\/v2\/comments?post=12411"}],"wp:featuredmedia":[{"embeddable":true,"href":"https:\/\/www.sinpeks.com\/rs\/wp-json\/wp\/v2\/media\/15804"}],"wp:attachment":[{"href":"https:\/\/www.sinpeks.com\/rs\/wp-json\/wp\/v2\/media?parent=12411"}],"wp:term":[{"taxonomy":"product_cat","embeddable":true,"href":"https:\/\/www.sinpeks.com\/rs\/wp-json\/wp\/v2\/product_cat?post=12411"},{"taxonomy":"product_tag","embeddable":true,"href":"https:\/\/www.sinpeks.com\/rs\/wp-json\/wp\/v2\/product_tag?post=12411"}],"curies":[{"name":"wp","href":"https:\/\/api.w.org\/{rel}","templated":true}]}}