{"id":12409,"date":"2024-11-19T18:00:45","date_gmt":"2024-11-19T18:00:45","guid":{"rendered":"https:\/\/www.sinpeks.com\/rs\/p\/tarup-efgc-175-sa-kardanom\/"},"modified":"2026-01-13T11:17:04","modified_gmt":"2026-01-13T11:17:04","slug":"tarup-efgc-175-sa-kardanom","status":"publish","type":"product","link":"https:\/\/www.sinpeks.com\/rs\/p\/tarup-efgc-175-sa-kardanom\/","title":{"rendered":"Tarup EFGC 175 sa kardanom"},"content":{"rendered":"<p>Tarup (mul\u010der) te\u0161ke klase \u2013 EFGC model, radna \u0161irina 175cm, opremljen je te\u0161kim mlatilicama koje se odli\u010dno pona\u0161aju na neplodnim podru\u010djima. Njegov veliki menja\u010d omoguc\u0301ava da se kosilica pove\u017ee sa traktorom vec\u0301e snage. Kosidba svih vrsta jalovina, kolovoza, zelenih povr\u0161ina u gradovima, odr\u017eavanje pa\u0161njaka, livada i kao ma\u0161ina za \u010di\u0161c\u0301enje za hortikulturu i voc\u0301arstvo.<\/p>\n","protected":false},"excerpt":{"rendered":"<p>Tarup (mul\u010der) te\u0161ke klase \u2013 EFGC model, radna \u0161irina 175cm, opremljen je te\u0161kim mlatilicama koje se odli\u010dno pona\u0161aju na neplodnim podru\u010djima. Njegov veliki menja\u010d omoguc\u0301ava da se kosilica pove\u017ee sa traktorom vec\u0301e snage. Kosidba svih vrsta jalovina, kolovoza, zelenih povr\u0161ina u gradovima, odr\u017eavanje pa\u0161njaka, livada i kao ma\u0161ina za \u010di\u0161c\u0301enje za hortikulturu i voc\u0301arstvo.<\/p>\n","protected":false},"featured_media":15802,"comment_status":"open","ping_status":"closed","template":"","meta":{"_acf_changed":false},"product_cat":[82],"product_tag":[],"class_list":{"0":"post-12409","1":"product","2":"type-product","3":"status-publish","4":"has-post-thumbnail","6":"product_cat-tarupi","7":"product_shipping_class-ostale-kategorije-makedonija","8":"pa_b-agrina","9":"pa_broj-radnih-tela-3867","10":"pa_market-ba","11":"pa_market-mk","12":"pa_market-rs","13":"pa_min-snaga-traktora-40-ks","14":"pa_radna-sirina-175cm","16":"first","17":"outofstock","18":"sale","19":"taxable","20":"shipping-taxable","21":"purchasable","22":"product-type-simple"},"acf":[],"seolaxy_ctr_woo_product_custom_meta_description_content":"","_links":{"self":[{"href":"https:\/\/www.sinpeks.com\/rs\/wp-json\/wp\/v2\/product\/12409","targetHints":{"allow":["GET"]}}],"collection":[{"href":"https:\/\/www.sinpeks.com\/rs\/wp-json\/wp\/v2\/product"}],"about":[{"href":"https:\/\/www.sinpeks.com\/rs\/wp-json\/wp\/v2\/types\/product"}],"replies":[{"embeddable":true,"href":"https:\/\/www.sinpeks.com\/rs\/wp-json\/wp\/v2\/comments?post=12409"}],"wp:featuredmedia":[{"embeddable":true,"href":"https:\/\/www.sinpeks.com\/rs\/wp-json\/wp\/v2\/media\/15802"}],"wp:attachment":[{"href":"https:\/\/www.sinpeks.com\/rs\/wp-json\/wp\/v2\/media?parent=12409"}],"wp:term":[{"taxonomy":"product_cat","embeddable":true,"href":"https:\/\/www.sinpeks.com\/rs\/wp-json\/wp\/v2\/product_cat?post=12409"},{"taxonomy":"product_tag","embeddable":true,"href":"https:\/\/www.sinpeks.com\/rs\/wp-json\/wp\/v2\/product_tag?post=12409"}],"curies":[{"name":"wp","href":"https:\/\/api.w.org\/{rel}","templated":true}]}}