{"id":12405,"date":"2024-11-19T18:00:42","date_gmt":"2024-11-19T18:00:42","guid":{"rendered":"https:\/\/www.sinpeks.com\/rs\/p\/tarup-sa-produzenom-rukom-agrina-1-75\/"},"modified":"2026-01-13T11:11:00","modified_gmt":"2026-01-13T11:11:00","slug":"tarup-sa-produzenom-rukom-agrina-1-75","status":"publish","type":"product","link":"https:\/\/www.sinpeks.com\/rs\/p\/tarup-sa-produzenom-rukom-agrina-1-75\/","title":{"rendered":"Tarup sa produ\u017eenom rukom Agrina 1.75"},"content":{"rendered":"<p>Tarup Agrina sa produ\u017eenim rukom radne \u0161irine 175cm. Produ\u017eena ruka omogu\u0107ava rad pored traktora \u0161to ga \u010dini idealnim za rad uz puteve, kanale, nasipe. Ovaj sistem sa produ\u017eenom rukom omogu\u0107ava ve\u0107i doseg, omogu\u0107avaju\u0107i korisnicima da dosegnu te\u0161ko dostupna mesta. Ovo je korisno za rad u blizini ograda, drve\u0107a, uzvodnih i sli\u010dnih te\u0161ko dostupnih podru\u010dja.<\/p>\n","protected":false},"excerpt":{"rendered":"<p>Tarup Agrina sa produ\u017eenim rukom radne \u0161irine 175cm. Produ\u017eena ruka omogu\u0107ava rad pored traktora \u0161to ga \u010dini idealnim za rad uz puteve, kanale, nasipe. Ovaj sistem sa produ\u017eenom rukom omogu\u0107ava ve\u0107i doseg, omogu\u0107avaju\u0107i korisnicima da dosegnu te\u0161ko dostupna mesta. Ovo je korisno za rad u blizini ograda, drve\u0107a, uzvodnih i sli\u010dnih te\u0161ko dostupnih podru\u010dja.<\/p>\n","protected":false},"featured_media":15798,"comment_status":"open","ping_status":"closed","template":"","meta":{"_acf_changed":false},"product_cat":[82],"product_tag":[],"class_list":{"0":"post-12405","1":"product","2":"type-product","3":"status-publish","4":"has-post-thumbnail","6":"product_cat-tarupi","7":"product_shipping_class-ostale-kategorije-makedonija","8":"pa_b-agrina","9":"pa_broj-radnih-tela-3872","10":"pa_market-ba","11":"pa_market-mk","12":"pa_market-rs","13":"pa_min-snaga-traktora-45-ks","14":"pa_radna-sirina-175cm","16":"first","17":"outofstock","18":"sale","19":"taxable","20":"shipping-taxable","21":"purchasable","22":"product-type-simple"},"acf":[],"seolaxy_ctr_woo_product_custom_meta_description_content":"","_links":{"self":[{"href":"https:\/\/www.sinpeks.com\/rs\/wp-json\/wp\/v2\/product\/12405","targetHints":{"allow":["GET"]}}],"collection":[{"href":"https:\/\/www.sinpeks.com\/rs\/wp-json\/wp\/v2\/product"}],"about":[{"href":"https:\/\/www.sinpeks.com\/rs\/wp-json\/wp\/v2\/types\/product"}],"replies":[{"embeddable":true,"href":"https:\/\/www.sinpeks.com\/rs\/wp-json\/wp\/v2\/comments?post=12405"}],"wp:featuredmedia":[{"embeddable":true,"href":"https:\/\/www.sinpeks.com\/rs\/wp-json\/wp\/v2\/media\/15798"}],"wp:attachment":[{"href":"https:\/\/www.sinpeks.com\/rs\/wp-json\/wp\/v2\/media?parent=12405"}],"wp:term":[{"taxonomy":"product_cat","embeddable":true,"href":"https:\/\/www.sinpeks.com\/rs\/wp-json\/wp\/v2\/product_cat?post=12405"},{"taxonomy":"product_tag","embeddable":true,"href":"https:\/\/www.sinpeks.com\/rs\/wp-json\/wp\/v2\/product_tag?post=12405"}],"curies":[{"name":"wp","href":"https:\/\/api.w.org\/{rel}","templated":true}]}}