{"id":12403,"date":"2024-11-19T18:00:41","date_gmt":"2024-11-19T18:00:41","guid":{"rendered":"https:\/\/www.sinpeks.com\/rs\/p\/tarup-sa-hidraulikom-agrina-155-m\/"},"modified":"2026-01-13T11:04:59","modified_gmt":"2026-01-13T11:04:59","slug":"tarup-sa-hidraulikom-agrina-155-m","status":"publish","type":"product","link":"https:\/\/www.sinpeks.com\/rs\/p\/tarup-sa-hidraulikom-agrina-155-m\/","title":{"rendered":"Tarup sa hidraulikom Agrina 1,55 m"},"content":{"rendered":"<p>Agrina tarup sa hidrauli\u010dnim pomeranjem koja ima radni zahvat od 1,55m je traktorska priklju\u010dna ma\u0161ina dizajnirana za usitnjavanje biljnih ostataka. Koristi se u poljoprivredi i raznim komunalnim djelatnostima.<\/p>\n","protected":false},"excerpt":{"rendered":"<p>Agrina tarup sa hidrauli\u010dnim pomeranjem koja ima radni zahvat od 1,55m je traktorska priklju\u010dna ma\u0161ina dizajnirana za usitnjavanje biljnih ostataka. Koristi se u poljoprivredi i raznim komunalnim djelatnostima.<\/p>\n","protected":false},"featured_media":15796,"comment_status":"open","ping_status":"closed","template":"","meta":{"_acf_changed":false},"product_cat":[82],"product_tag":[],"class_list":{"0":"post-12403","1":"product","2":"type-product","3":"status-publish","4":"has-post-thumbnail","6":"product_cat-tarupi","7":"product_shipping_class-ostale-kategorije-makedonija","8":"pa_b-agrina","9":"pa_broj-radnih-tela-3872","10":"pa_market-ba","11":"pa_market-mk","12":"pa_market-rs","13":"pa_min-snaga-traktora-35-ks","14":"pa_radna-sirina-155cm","16":"first","17":"outofstock","18":"sale","19":"taxable","20":"shipping-taxable","21":"purchasable","22":"product-type-simple"},"acf":[],"seolaxy_ctr_woo_product_custom_meta_description_content":"","_links":{"self":[{"href":"https:\/\/www.sinpeks.com\/rs\/wp-json\/wp\/v2\/product\/12403","targetHints":{"allow":["GET"]}}],"collection":[{"href":"https:\/\/www.sinpeks.com\/rs\/wp-json\/wp\/v2\/product"}],"about":[{"href":"https:\/\/www.sinpeks.com\/rs\/wp-json\/wp\/v2\/types\/product"}],"replies":[{"embeddable":true,"href":"https:\/\/www.sinpeks.com\/rs\/wp-json\/wp\/v2\/comments?post=12403"}],"wp:featuredmedia":[{"embeddable":true,"href":"https:\/\/www.sinpeks.com\/rs\/wp-json\/wp\/v2\/media\/15796"}],"wp:attachment":[{"href":"https:\/\/www.sinpeks.com\/rs\/wp-json\/wp\/v2\/media?parent=12403"}],"wp:term":[{"taxonomy":"product_cat","embeddable":true,"href":"https:\/\/www.sinpeks.com\/rs\/wp-json\/wp\/v2\/product_cat?post=12403"},{"taxonomy":"product_tag","embeddable":true,"href":"https:\/\/www.sinpeks.com\/rs\/wp-json\/wp\/v2\/product_tag?post=12403"}],"curies":[{"name":"wp","href":"https:\/\/api.w.org\/{rel}","templated":true}]}}