{"id":12400,"date":"2024-11-19T18:00:40","date_gmt":"2024-11-19T18:00:40","guid":{"rendered":"https:\/\/www.sinpeks.com\/rs\/p\/tarup-sa-hidraulikom-agrina-165-m\/"},"modified":"2026-04-23T09:27:03","modified_gmt":"2026-04-23T09:27:03","slug":"tarup-sa-hidraulikom-agrina-165-m","status":"publish","type":"product","link":"https:\/\/www.sinpeks.com\/rs\/p\/tarup-sa-hidraulikom-agrina-165-m\/","title":{"rendered":"Tarup sa hidraulikom Agrina 1,65 m"},"content":{"rendered":"<p>Tarup Agrina 1,65 m ima hidrauliku koja omogu\u0107uje hidrauli\u010dno pomeranje tarupa i lako pozicioniranje na \u017eeljeno mesto, ovaj tarup je poljoprivredna ma\u0161ina koja se koristi za ko\u0161enje, usitnjavanje i mul\u010denje razli\u010ditih vrsta vegetacije, kao \u0161to su trava, korov, grmlje i druge biljke. Mul\u010deri omogu\u0107avaju da se biljni otpad usitni i ravnomerno rasporedi po zemlji\u0161tu, \u010dime se pobolj\u0161ava struktura tla, zadr\u017eava vlaga i spre\u010dava rast korova.<\/p>\n","protected":false},"excerpt":{"rendered":"<p>Tarup Agrina 1,65 m ima hidrauliku koja omogu\u0107uje hidrauli\u010dno pomeranje tarupa i lako pozicioniranje na \u017eeljeno mesto, ovaj tarup je poljoprivredna ma\u0161ina koja se koristi za ko\u0161enje, usitnjavanje i mul\u010denje razli\u010ditih vrsta vegetacije, kao \u0161to su trava, korov, grmlje i druge biljke. Mul\u010deri omogu\u0107avaju da se biljni otpad usitni i ravnomerno rasporedi po zemlji\u0161tu, \u010dime [&hellip;]<\/p>\n","protected":false},"featured_media":15793,"comment_status":"open","ping_status":"closed","template":"","meta":{"_acf_changed":false},"product_cat":[82],"product_tag":[],"class_list":{"0":"post-12400","1":"product","2":"type-product","3":"status-publish","4":"has-post-thumbnail","6":"product_cat-tarupi","7":"product_shipping_class-ostale-kategorije-makedonija","8":"pa_b-agrina","9":"pa_broj-radnih-tela-3867","10":"pa_market-ba","11":"pa_market-mk","12":"pa_market-rs","13":"pa_min-snaga-traktora-40-ks","14":"pa_radna-sirina-165cm","16":"first","17":"outofstock","18":"sale","19":"taxable","20":"shipping-taxable","21":"purchasable","22":"product-type-simple"},"acf":[],"seolaxy_ctr_woo_product_custom_meta_description_content":"","_links":{"self":[{"href":"https:\/\/www.sinpeks.com\/rs\/wp-json\/wp\/v2\/product\/12400","targetHints":{"allow":["GET"]}}],"collection":[{"href":"https:\/\/www.sinpeks.com\/rs\/wp-json\/wp\/v2\/product"}],"about":[{"href":"https:\/\/www.sinpeks.com\/rs\/wp-json\/wp\/v2\/types\/product"}],"replies":[{"embeddable":true,"href":"https:\/\/www.sinpeks.com\/rs\/wp-json\/wp\/v2\/comments?post=12400"}],"wp:featuredmedia":[{"embeddable":true,"href":"https:\/\/www.sinpeks.com\/rs\/wp-json\/wp\/v2\/media\/15793"}],"wp:attachment":[{"href":"https:\/\/www.sinpeks.com\/rs\/wp-json\/wp\/v2\/media?parent=12400"}],"wp:term":[{"taxonomy":"product_cat","embeddable":true,"href":"https:\/\/www.sinpeks.com\/rs\/wp-json\/wp\/v2\/product_cat?post=12400"},{"taxonomy":"product_tag","embeddable":true,"href":"https:\/\/www.sinpeks.com\/rs\/wp-json\/wp\/v2\/product_tag?post=12400"}],"curies":[{"name":"wp","href":"https:\/\/api.w.org\/{rel}","templated":true}]}}