{"id":12398,"date":"2024-11-19T18:00:39","date_gmt":"2024-11-19T18:00:39","guid":{"rendered":"https:\/\/www.sinpeks.com\/rs\/p\/tarup-barbi-160-maschio-gaspardo-sa-kardanom\/"},"modified":"2026-01-13T10:41:09","modified_gmt":"2026-01-13T10:41:09","slug":"tarup-barbi-160-maschio-gaspardo-sa-kardanom","status":"publish","type":"product","link":"https:\/\/www.sinpeks.com\/rs\/p\/tarup-barbi-160-maschio-gaspardo-sa-kardanom\/","title":{"rendered":"Tarup BARBI 160 Maschio Gaspardo sa kardanom"},"content":{"rendered":"<p>Tarup (Mal\u010der) BARBI, renomiranog italijanskog proizvo\u0111a\u010da, Maschio Gaspardo, je traktorska ma\u0161ina pogodna za se\u010denje trave i mal\u010diranja granja do pre\u010dnika 4 cm. Dostupan sa radnim zahvatom od 160cm, mo\u017ee se priklju\u010diti na traktore snage od 35 KS pa navi\u0161e. Opremljen je sa kardanom.<\/p>\n","protected":false},"excerpt":{"rendered":"<p>Tarup (Mal\u010der) BARBI, renomiranog italijanskog proizvo\u0111a\u010da, Maschio Gaspardo, je traktorska ma\u0161ina pogodna za se\u010denje trave i mal\u010diranja granja do pre\u010dnika 4 cm. Dostupan sa radnim zahvatom od 160cm, mo\u017ee se priklju\u010diti na traktore snage od 35 KS pa navi\u0161e. Opremljen je sa kardanom.<\/p>\n","protected":false},"featured_media":15791,"comment_status":"open","ping_status":"closed","template":"","meta":{"_acf_changed":false},"product_cat":[82],"product_tag":[],"class_list":{"0":"post-12398","1":"product","2":"type-product","3":"status-publish","4":"has-post-thumbnail","6":"product_cat-tarupi","7":"product_shipping_class-ostale-kategorije-makedonija","8":"pa_b-maschio-gaspardo","9":"pa_broj-radnih-tela-3865","10":"pa_market-ba","11":"pa_market-mk","12":"pa_market-rs","13":"pa_min-snaga-traktora-35-ks","14":"pa_radna-sirina-160cm","16":"first","17":"outofstock","18":"sale","19":"taxable","20":"shipping-taxable","21":"purchasable","22":"product-type-simple"},"acf":[],"seolaxy_ctr_woo_product_custom_meta_description_content":"","_links":{"self":[{"href":"https:\/\/www.sinpeks.com\/rs\/wp-json\/wp\/v2\/product\/12398","targetHints":{"allow":["GET"]}}],"collection":[{"href":"https:\/\/www.sinpeks.com\/rs\/wp-json\/wp\/v2\/product"}],"about":[{"href":"https:\/\/www.sinpeks.com\/rs\/wp-json\/wp\/v2\/types\/product"}],"replies":[{"embeddable":true,"href":"https:\/\/www.sinpeks.com\/rs\/wp-json\/wp\/v2\/comments?post=12398"}],"wp:featuredmedia":[{"embeddable":true,"href":"https:\/\/www.sinpeks.com\/rs\/wp-json\/wp\/v2\/media\/15791"}],"wp:attachment":[{"href":"https:\/\/www.sinpeks.com\/rs\/wp-json\/wp\/v2\/media?parent=12398"}],"wp:term":[{"taxonomy":"product_cat","embeddable":true,"href":"https:\/\/www.sinpeks.com\/rs\/wp-json\/wp\/v2\/product_cat?post=12398"},{"taxonomy":"product_tag","embeddable":true,"href":"https:\/\/www.sinpeks.com\/rs\/wp-json\/wp\/v2\/product_tag?post=12398"}],"curies":[{"name":"wp","href":"https:\/\/api.w.org\/{rel}","templated":true}]}}