{"id":12396,"date":"2024-11-19T18:00:38","date_gmt":"2024-11-19T18:00:38","guid":{"rendered":"https:\/\/www.sinpeks.com\/rs\/p\/podrivac-5-redni-bomet\/"},"modified":"2026-01-13T11:21:07","modified_gmt":"2026-01-13T11:21:07","slug":"podrivac-5-redni-bomet","status":"publish","type":"product","link":"https:\/\/www.sinpeks.com\/rs\/p\/podrivac-5-redni-bomet\/","title":{"rendered":"Podriva\u010d 5-redni Bomet"},"content":{"rendered":"<p>Podriva\u010di Bomet su multifunkcionalni alati za negu zemlje, za rad u uzgoju krompira, povrc\u0301a, jagoda i kukuruza i drugih korenastih useva koji se gaje u redovima. Ma\u0161ina se mo\u017ee koristiti za pljevljenje, proces eliminacije korova, ra\u0161\u010dlanjivanje redova i aeraciju.<br \/>\nOva ma\u0161ina je sa 5-radne sekcije (4-redne). \u0160irina kultivisanih redova se mo\u017ee podesiti u rasponu od 62,5 cm do 75 cm. Radna dubina od 15cm. Potrebna minimalna snaga traktora za rad sa ovim podriva\u010dem iznosi 48ks.<\/p>\n","protected":false},"excerpt":{"rendered":"<p>Podriva\u010di Bomet su multifunkcionalni alati za negu zemlje, za rad u uzgoju krompira, povrc\u0301a, jagoda i kukuruza i drugih korenastih useva koji se gaje u redovima. Ma\u0161ina se mo\u017ee koristiti za pljevljenje, proces eliminacije korova, ra\u0161\u010dlanjivanje redova i aeraciju. Ova ma\u0161ina je sa 5-radne sekcije (4-redne). \u0160irina kultivisanih redova se mo\u017ee podesiti u rasponu od [&hellip;]<\/p>\n","protected":false},"featured_media":15786,"comment_status":"open","ping_status":"closed","template":"","meta":{"_acf_changed":false},"product_cat":[80],"product_tag":[],"class_list":{"0":"post-12396","1":"product","2":"type-product","3":"status-publish","4":"has-post-thumbnail","6":"product_cat-podrivaci","7":"product_shipping_class-ostale-kategorije-makedonija","8":"pa_b-bomet","9":"pa_broj-radnih-tela-3862","10":"pa_market-ba","11":"pa_market-mk","12":"pa_market-rs","13":"pa_min-snaga-traktora-48-ks","14":"pa_radna-dubina-15-cm","15":"pa_radna-sirina-375cm","17":"first","18":"outofstock","19":"sale","20":"taxable","21":"shipping-taxable","22":"purchasable","23":"product-type-simple"},"acf":[],"seolaxy_ctr_woo_product_custom_meta_description_content":"","_links":{"self":[{"href":"https:\/\/www.sinpeks.com\/rs\/wp-json\/wp\/v2\/product\/12396","targetHints":{"allow":["GET"]}}],"collection":[{"href":"https:\/\/www.sinpeks.com\/rs\/wp-json\/wp\/v2\/product"}],"about":[{"href":"https:\/\/www.sinpeks.com\/rs\/wp-json\/wp\/v2\/types\/product"}],"replies":[{"embeddable":true,"href":"https:\/\/www.sinpeks.com\/rs\/wp-json\/wp\/v2\/comments?post=12396"}],"wp:featuredmedia":[{"embeddable":true,"href":"https:\/\/www.sinpeks.com\/rs\/wp-json\/wp\/v2\/media\/15786"}],"wp:attachment":[{"href":"https:\/\/www.sinpeks.com\/rs\/wp-json\/wp\/v2\/media?parent=12396"}],"wp:term":[{"taxonomy":"product_cat","embeddable":true,"href":"https:\/\/www.sinpeks.com\/rs\/wp-json\/wp\/v2\/product_cat?post=12396"},{"taxonomy":"product_tag","embeddable":true,"href":"https:\/\/www.sinpeks.com\/rs\/wp-json\/wp\/v2\/product_tag?post=12396"}],"curies":[{"name":"wp","href":"https:\/\/api.w.org\/{rel}","templated":true}]}}