{"id":12392,"date":"2024-11-19T18:00:35","date_gmt":"2024-11-19T18:00:35","guid":{"rendered":"https:\/\/www.sinpeks.com\/rs\/p\/podrivac-sa-horizontalnim-oprugama-sks-7\/"},"modified":"2026-01-13T10:58:53","modified_gmt":"2026-01-13T10:58:53","slug":"podrivac-sa-horizontalnim-oprugama-sks-7","status":"publish","type":"product","link":"https:\/\/www.sinpeks.com\/rs\/p\/podrivac-sa-horizontalnim-oprugama-sks-7\/","title":{"rendered":"Podriva\u010d sa horizontalnim oprugama SKS-7"},"content":{"rendered":"<p>Podriva\u010d za me\u0111urednu obradu povr\u0161ina zasa\u0111enih kukuruzom, suncokretom&#8230; Karakteri\u0161u je 7 radnih tela, radna \u0161irina od 180cm i radna dubina od 12cm. Potrebna minimalna snaga traktora za rad sa ovim podriva\u010dem iznosi 60ks.<\/p>\n","protected":false},"excerpt":{"rendered":"<p>Podriva\u010d za me\u0111urednu obradu povr\u0161ina zasa\u0111enih kukuruzom, suncokretom&#8230; Karakteri\u0161u je 7 radnih tela, radna \u0161irina od 180cm i radna dubina od 12cm. Potrebna minimalna snaga traktora za rad sa ovim podriva\u010dem iznosi 60ks.<\/p>\n","protected":false},"featured_media":15779,"comment_status":"open","ping_status":"closed","template":"","meta":{"_acf_changed":false},"product_cat":[80],"product_tag":[],"class_list":{"0":"post-12392","1":"product","2":"type-product","3":"status-publish","4":"has-post-thumbnail","6":"product_cat-podrivaci","7":"product_shipping_class-ostale-kategorije-makedonija","8":"pa_b-agrovin","9":"pa_broj-radnih-tela-3838","10":"pa_market-ba","11":"pa_market-mk","12":"pa_market-rs","13":"pa_min-snaga-traktora-60-ks","14":"pa_radna-dubina-12-cm","15":"pa_radna-sirina-180cm","17":"first","18":"outofstock","19":"sale","20":"taxable","21":"shipping-taxable","22":"purchasable","23":"product-type-simple"},"acf":[],"seolaxy_ctr_woo_product_custom_meta_description_content":"","_links":{"self":[{"href":"https:\/\/www.sinpeks.com\/rs\/wp-json\/wp\/v2\/product\/12392","targetHints":{"allow":["GET"]}}],"collection":[{"href":"https:\/\/www.sinpeks.com\/rs\/wp-json\/wp\/v2\/product"}],"about":[{"href":"https:\/\/www.sinpeks.com\/rs\/wp-json\/wp\/v2\/types\/product"}],"replies":[{"embeddable":true,"href":"https:\/\/www.sinpeks.com\/rs\/wp-json\/wp\/v2\/comments?post=12392"}],"wp:featuredmedia":[{"embeddable":true,"href":"https:\/\/www.sinpeks.com\/rs\/wp-json\/wp\/v2\/media\/15779"}],"wp:attachment":[{"href":"https:\/\/www.sinpeks.com\/rs\/wp-json\/wp\/v2\/media?parent=12392"}],"wp:term":[{"taxonomy":"product_cat","embeddable":true,"href":"https:\/\/www.sinpeks.com\/rs\/wp-json\/wp\/v2\/product_cat?post=12392"},{"taxonomy":"product_tag","embeddable":true,"href":"https:\/\/www.sinpeks.com\/rs\/wp-json\/wp\/v2\/product_tag?post=12392"}],"curies":[{"name":"wp","href":"https:\/\/api.w.org\/{rel}","templated":true}]}}