{"id":12390,"date":"2024-11-19T18:00:34","date_gmt":"2024-11-19T18:00:34","guid":{"rendered":"https:\/\/www.sinpeks.com\/rs\/p\/podrivac-9-red-unlu-sa-oprugama\/"},"modified":"2026-01-13T10:53:12","modified_gmt":"2026-01-13T10:53:12","slug":"podrivac-9-red-unlu-sa-oprugama","status":"publish","type":"product","link":"https:\/\/www.sinpeks.com\/rs\/p\/podrivac-9-red-unlu-sa-oprugama\/","title":{"rendered":"Podriva\u010d 9 red\u0430 Unlu sa oprugama"},"content":{"rendered":"<p>Podriva\u010d UNLU 9 redni razbija velike grudve tla, povec\u0301ava infiltraciju vode (povec\u0301ava propustljivost vode). Ovaj podriva\u010d ima radnu \u0161irinu 220cm i ostvaruje radnu dubinu od 40-45cm. Potrebna minimalna snaga traktora za rad sa ovim podriva\u010dem iznosi 45ks.<\/p>\n","protected":false},"excerpt":{"rendered":"<p>Podriva\u010d UNLU 9 redni razbija velike grudve tla, povec\u0301ava infiltraciju vode (povec\u0301ava propustljivost vode). Ovaj podriva\u010d ima radnu \u0161irinu 220cm i ostvaruje radnu dubinu od 40-45cm. Potrebna minimalna snaga traktora za rad sa ovim podriva\u010dem iznosi 45ks.<\/p>\n","protected":false},"featured_media":15777,"comment_status":"open","ping_status":"closed","template":"","meta":{"_acf_changed":false},"product_cat":[80],"product_tag":[],"class_list":{"0":"post-12390","1":"product","2":"type-product","3":"status-publish","4":"has-post-thumbnail","6":"product_cat-podrivaci","7":"product_shipping_class-ostale-kategorije-makedonija","8":"pa_b-unlu","9":"pa_broj-radnih-tela-3843","10":"pa_market-ba","11":"pa_market-mk","12":"pa_market-rs","13":"pa_min-snaga-traktora-90-ks","14":"pa_radna-dubina-45-cm","15":"pa_radna-sirina-310cm","17":"first","18":"outofstock","19":"sale","20":"taxable","21":"shipping-taxable","22":"purchasable","23":"product-type-simple"},"acf":[],"seolaxy_ctr_woo_product_custom_meta_description_content":"","_links":{"self":[{"href":"https:\/\/www.sinpeks.com\/rs\/wp-json\/wp\/v2\/product\/12390","targetHints":{"allow":["GET"]}}],"collection":[{"href":"https:\/\/www.sinpeks.com\/rs\/wp-json\/wp\/v2\/product"}],"about":[{"href":"https:\/\/www.sinpeks.com\/rs\/wp-json\/wp\/v2\/types\/product"}],"replies":[{"embeddable":true,"href":"https:\/\/www.sinpeks.com\/rs\/wp-json\/wp\/v2\/comments?post=12390"}],"wp:featuredmedia":[{"embeddable":true,"href":"https:\/\/www.sinpeks.com\/rs\/wp-json\/wp\/v2\/media\/15777"}],"wp:attachment":[{"href":"https:\/\/www.sinpeks.com\/rs\/wp-json\/wp\/v2\/media?parent=12390"}],"wp:term":[{"taxonomy":"product_cat","embeddable":true,"href":"https:\/\/www.sinpeks.com\/rs\/wp-json\/wp\/v2\/product_cat?post=12390"},{"taxonomy":"product_tag","embeddable":true,"href":"https:\/\/www.sinpeks.com\/rs\/wp-json\/wp\/v2\/product_tag?post=12390"}],"curies":[{"name":"wp","href":"https:\/\/api.w.org\/{rel}","templated":true}]}}