{"id":12387,"date":"2024-11-19T18:00:33","date_gmt":"2024-11-19T18:00:33","guid":{"rendered":"https:\/\/www.sinpeks.com\/rs\/p\/podrivac-tehnos-ok2\/"},"modified":"2026-01-13T10:49:09","modified_gmt":"2026-01-13T10:49:09","slug":"podrivac-tehnos-ok2","status":"publish","type":"product","link":"https:\/\/www.sinpeks.com\/rs\/p\/podrivac-tehnos-ok2\/","title":{"rendered":"Podriva\u010d Tehnos OK2 dvoredan"},"content":{"rendered":"<p>Dvoredni me\u0111uredni kultivator OK-2 je pogodan za manje oranice. Sa metlicama za kukuruz, krompir, kao i grla za zemlju, mogu se kultivisati razli\u010dite vrste useva. Moguc\u0301e je podesiti razli\u010dite me\u0111uredne udaljenosti, kao i dubinu i \u0161irinu obrade. Njegova upotreba spre\u010dava rast korova, smanjuje sabijanje zemlji\u0161ta i ograni\u010dava isparavanje vode iz zemlji\u0161ta.<\/p>\n","protected":false},"excerpt":{"rendered":"<p>Dvoredni me\u0111uredni kultivator OK-2 je pogodan za manje oranice. Sa metlicama za kukuruz, krompir, kao i grla za zemlju, mogu se kultivisati razli\u010dite vrste useva. Moguc\u0301e je podesiti razli\u010dite me\u0111uredne udaljenosti, kao i dubinu i \u0161irinu obrade. Njegova upotreba spre\u010dava rast korova, smanjuje sabijanje zemlji\u0161ta i ograni\u010dava isparavanje vode iz zemlji\u0161ta.<\/p>\n","protected":false},"featured_media":15774,"comment_status":"open","ping_status":"closed","template":"","meta":{"_acf_changed":false},"product_cat":[80],"product_tag":[],"class_list":{"0":"post-12387","1":"product","2":"type-product","3":"status-publish","4":"has-post-thumbnail","6":"product_cat-podrivaci","7":"product_shipping_class-ostale-kategorije-makedonija","8":"pa_b-tehnos","9":"pa_broj-radnih-tela-3838","10":"pa_market-ba","11":"pa_market-mk","12":"pa_market-rs","13":"pa_min-snaga-traktora-25-ks","14":"pa_radna-dubina-12-cm","15":"pa_radna-sirina-180cm","17":"first","18":"outofstock","19":"sale","20":"taxable","21":"shipping-taxable","22":"purchasable","23":"product-type-simple"},"acf":[],"seolaxy_ctr_woo_product_custom_meta_description_content":"","_links":{"self":[{"href":"https:\/\/www.sinpeks.com\/rs\/wp-json\/wp\/v2\/product\/12387","targetHints":{"allow":["GET"]}}],"collection":[{"href":"https:\/\/www.sinpeks.com\/rs\/wp-json\/wp\/v2\/product"}],"about":[{"href":"https:\/\/www.sinpeks.com\/rs\/wp-json\/wp\/v2\/types\/product"}],"replies":[{"embeddable":true,"href":"https:\/\/www.sinpeks.com\/rs\/wp-json\/wp\/v2\/comments?post=12387"}],"wp:featuredmedia":[{"embeddable":true,"href":"https:\/\/www.sinpeks.com\/rs\/wp-json\/wp\/v2\/media\/15774"}],"wp:attachment":[{"href":"https:\/\/www.sinpeks.com\/rs\/wp-json\/wp\/v2\/media?parent=12387"}],"wp:term":[{"taxonomy":"product_cat","embeddable":true,"href":"https:\/\/www.sinpeks.com\/rs\/wp-json\/wp\/v2\/product_cat?post=12387"},{"taxonomy":"product_tag","embeddable":true,"href":"https:\/\/www.sinpeks.com\/rs\/wp-json\/wp\/v2\/product_tag?post=12387"}],"curies":[{"name":"wp","href":"https:\/\/api.w.org\/{rel}","templated":true}]}}