{"id":12385,"date":"2024-11-19T18:00:32","date_gmt":"2024-11-19T18:00:32","guid":{"rendered":"https:\/\/www.sinpeks.com\/rs\/p\/verti-rezna-kosacica-peruzzo-koala-1600\/"},"modified":"2026-01-13T11:21:07","modified_gmt":"2026-01-13T11:21:07","slug":"verti-rezna-kosacica-peruzzo-koala-1600","status":"publish","type":"product","link":"https:\/\/www.sinpeks.com\/rs\/p\/verti-rezna-kosacica-peruzzo-koala-1600\/","title":{"rendered":"Verti rezna kosa\u010dica Peruzzo KOALA 1600"},"content":{"rendered":"<p>Kosilica Peruzzo KOALA 1600 kompatibilna sa kompaktnim traktorima snage 25 KS i male te\u017eine (900 kg). Opremljena je sa 50 radnih tela (no\u017eeva), radnim zahvatom od 1600mm i volumenom korpe za sakupljanje od 900 litara. Ova kosilica koristi patentirane no\u017eeve za savr\u0161ene performanse ko\u0161enja trave rade\u0107i vertikalno i sakupljaju\u0107i travu u jednom potezu.<\/p>\n","protected":false},"excerpt":{"rendered":"<p>Ova e proba, samo za proba \u0107e se izbir\u0161e<\/p>\n","protected":false},"featured_media":15771,"comment_status":"open","ping_status":"closed","template":"","meta":{"_acf_changed":false},"product_cat":[101],"product_tag":[],"class_list":{"0":"post-12385","1":"product","2":"type-product","3":"status-publish","4":"has-post-thumbnail","6":"product_cat-kosacice-za-traktor","7":"product_shipping_class-ostale-kategorije-makedonija","8":"pa_b-peruzzo","9":"pa_market-ba","10":"pa_market-mk","11":"pa_market-rs","12":"pa_min-snaga-traktora-25-ks","13":"pa_radna-sirina-160-cm","15":"first","16":"outofstock","17":"sale","18":"taxable","19":"shipping-taxable","20":"purchasable","21":"product-type-simple"},"acf":[],"seolaxy_ctr_woo_product_custom_meta_description_content":"","_links":{"self":[{"href":"https:\/\/www.sinpeks.com\/rs\/wp-json\/wp\/v2\/product\/12385","targetHints":{"allow":["GET"]}}],"collection":[{"href":"https:\/\/www.sinpeks.com\/rs\/wp-json\/wp\/v2\/product"}],"about":[{"href":"https:\/\/www.sinpeks.com\/rs\/wp-json\/wp\/v2\/types\/product"}],"replies":[{"embeddable":true,"href":"https:\/\/www.sinpeks.com\/rs\/wp-json\/wp\/v2\/comments?post=12385"}],"wp:featuredmedia":[{"embeddable":true,"href":"https:\/\/www.sinpeks.com\/rs\/wp-json\/wp\/v2\/media\/15771"}],"wp:attachment":[{"href":"https:\/\/www.sinpeks.com\/rs\/wp-json\/wp\/v2\/media?parent=12385"}],"wp:term":[{"taxonomy":"product_cat","embeddable":true,"href":"https:\/\/www.sinpeks.com\/rs\/wp-json\/wp\/v2\/product_cat?post=12385"},{"taxonomy":"product_tag","embeddable":true,"href":"https:\/\/www.sinpeks.com\/rs\/wp-json\/wp\/v2\/product_tag?post=12385"}],"curies":[{"name":"wp","href":"https:\/\/api.w.org\/{rel}","templated":true}]}}