{"id":12384,"date":"2024-11-19T18:00:31","date_gmt":"2024-11-19T18:00:31","guid":{"rendered":"https:\/\/www.sinpeks.com\/rs\/p\/kosilica-lisicki-165-sa-kardanom\/"},"modified":"2026-01-13T11:08:59","modified_gmt":"2026-01-13T11:08:59","slug":"kosilica-lisicki-165-sa-kardanom","status":"publish","type":"product","link":"https:\/\/www.sinpeks.com\/rs\/p\/kosilica-lisicki-165-sa-kardanom\/","title":{"rendered":"Kosilica LISICKI 165 sa kardanom"},"content":{"rendered":"<p>Traktorska rotaciona kosilica koja se koristi za ko\u0161enje travnjaka, livada, pa\u0161njaka i drugih poljoprivrednih povr\u0161ina. Ovaj model je dizajniran za efikasno i brzo ko\u0161enje, idealan za ve\u0107e poljoprivredne povr\u0161ine, kao i za rad na farmama i sli\u010dnim mestima. \u0160irina ko\u0161enja je 165cm \u0161to omogu\u0107ava efikasno ko\u0161enje ve\u0107ih povr\u0161ina u kra\u0107em vremenu. Ovaj model uklju\u010duje i kardan za priklju\u010denje na traktor.<\/p>\n","protected":false},"excerpt":{"rendered":"<p>Traktorska rotaciona kosilica koja se koristi za ko\u0161enje travnjaka, livada, pa\u0161njaka i drugih poljoprivrednih povr\u0161ina. Ovaj model je dizajniran za efikasno i brzo ko\u0161enje, idealan za ve\u0107e poljoprivredne povr\u0161ine, kao i za rad na farmama i sli\u010dnim mestima. \u0160irina ko\u0161enja je 165cm \u0161to omogu\u0107ava efikasno ko\u0161enje ve\u0107ih povr\u0161ina u kra\u0107em vremenu. Ovaj model uklju\u010duje i [&hellip;]<\/p>\n","protected":false},"featured_media":15767,"comment_status":"open","ping_status":"closed","template":"","meta":{"_acf_changed":false},"product_cat":[101],"product_tag":[],"class_list":{"0":"post-12384","1":"product","2":"type-product","3":"status-publish","4":"has-post-thumbnail","6":"product_cat-kosacice-za-traktor","7":"product_shipping_class-ostale-kategorije-makedonija","8":"pa_b-lisicki","9":"pa_market-ba","10":"pa_market-mk","11":"pa_market-rs","12":"pa_min-snaga-traktora-40-ks","13":"pa_radna-sirina-165cm","15":"first","16":"outofstock","17":"sale","18":"taxable","19":"shipping-taxable","20":"purchasable","21":"product-type-simple"},"acf":[],"seolaxy_ctr_woo_product_custom_meta_description_content":"","_links":{"self":[{"href":"https:\/\/www.sinpeks.com\/rs\/wp-json\/wp\/v2\/product\/12384","targetHints":{"allow":["GET"]}}],"collection":[{"href":"https:\/\/www.sinpeks.com\/rs\/wp-json\/wp\/v2\/product"}],"about":[{"href":"https:\/\/www.sinpeks.com\/rs\/wp-json\/wp\/v2\/types\/product"}],"replies":[{"embeddable":true,"href":"https:\/\/www.sinpeks.com\/rs\/wp-json\/wp\/v2\/comments?post=12384"}],"wp:featuredmedia":[{"embeddable":true,"href":"https:\/\/www.sinpeks.com\/rs\/wp-json\/wp\/v2\/media\/15767"}],"wp:attachment":[{"href":"https:\/\/www.sinpeks.com\/rs\/wp-json\/wp\/v2\/media?parent=12384"}],"wp:term":[{"taxonomy":"product_cat","embeddable":true,"href":"https:\/\/www.sinpeks.com\/rs\/wp-json\/wp\/v2\/product_cat?post=12384"},{"taxonomy":"product_tag","embeddable":true,"href":"https:\/\/www.sinpeks.com\/rs\/wp-json\/wp\/v2\/product_tag?post=12384"}],"curies":[{"name":"wp","href":"https:\/\/api.w.org\/{rel}","templated":true}]}}