{"id":12383,"date":"2024-11-19T18:00:30","date_gmt":"2024-11-19T18:00:30","guid":{"rendered":"https:\/\/www.sinpeks.com\/rs\/p\/kosacica-lisicki-135-sa-kardanom\/"},"modified":"2026-01-13T11:08:59","modified_gmt":"2026-01-13T11:08:59","slug":"kosacica-lisicki-135-sa-kardanom","status":"publish","type":"product","link":"https:\/\/www.sinpeks.com\/rs\/p\/kosacica-lisicki-135-sa-kardanom\/","title":{"rendered":"Kosa\u010dica LISICKI 135 sa kardanom"},"content":{"rendered":"<p>Rotaciona kosilica je jedna od mnogih vrsta kosa\u010dica koje se koriste u poljoprivredi za ko\u0161enje zelenih biljaka kao priklju\u010dna ma\u0161ina na traktoru. Ova vrsta kosilice je sa radnom \u0161irinom od 135cm i dizajnirana da kosi velike povr\u0161ine. Ovaj model uklju\u010duje i kardan za priklju\u010denje na traktor.<\/p>\n","protected":false},"excerpt":{"rendered":"<p>Rotaciona kosilica je jedna od mnogih vrsta kosa\u010dica koje se koriste u poljoprivredi za ko\u0161enje zelenih biljaka kao priklju\u010dna ma\u0161ina na traktoru. Ova vrsta kosilice je sa radnom \u0161irinom od 135cm i dizajnirana da kosi velike povr\u0161ine. Ovaj model uklju\u010duje i kardan za priklju\u010denje na traktor.<\/p>\n","protected":false},"featured_media":15763,"comment_status":"open","ping_status":"closed","template":"","meta":{"_acf_changed":false},"product_cat":[101],"product_tag":[],"class_list":{"0":"post-12383","1":"product","2":"type-product","3":"status-publish","4":"has-post-thumbnail","6":"product_cat-kosacice-za-traktor","7":"product_shipping_class-ostale-kategorije-makedonija","8":"pa_b-lisicki","9":"pa_market-ba","10":"pa_market-mk","11":"pa_market-rs","12":"pa_min-snaga-traktora-20-ks","13":"pa_radna-sirina-135-cm","15":"first","16":"outofstock","17":"sale","18":"taxable","19":"shipping-taxable","20":"purchasable","21":"product-type-simple"},"acf":[],"seolaxy_ctr_woo_product_custom_meta_description_content":"","_links":{"self":[{"href":"https:\/\/www.sinpeks.com\/rs\/wp-json\/wp\/v2\/product\/12383","targetHints":{"allow":["GET"]}}],"collection":[{"href":"https:\/\/www.sinpeks.com\/rs\/wp-json\/wp\/v2\/product"}],"about":[{"href":"https:\/\/www.sinpeks.com\/rs\/wp-json\/wp\/v2\/types\/product"}],"replies":[{"embeddable":true,"href":"https:\/\/www.sinpeks.com\/rs\/wp-json\/wp\/v2\/comments?post=12383"}],"wp:featuredmedia":[{"embeddable":true,"href":"https:\/\/www.sinpeks.com\/rs\/wp-json\/wp\/v2\/media\/15763"}],"wp:attachment":[{"href":"https:\/\/www.sinpeks.com\/rs\/wp-json\/wp\/v2\/media?parent=12383"}],"wp:term":[{"taxonomy":"product_cat","embeddable":true,"href":"https:\/\/www.sinpeks.com\/rs\/wp-json\/wp\/v2\/product_cat?post=12383"},{"taxonomy":"product_tag","embeddable":true,"href":"https:\/\/www.sinpeks.com\/rs\/wp-json\/wp\/v2\/product_tag?post=12383"}],"curies":[{"name":"wp","href":"https:\/\/api.w.org\/{rel}","templated":true}]}}