{"id":12380,"date":"2024-11-19T18:00:29","date_gmt":"2024-11-19T18:00:29","guid":{"rendered":"https:\/\/www.sinpeks.com\/rs\/p\/kosacica-wirax-135-bez-kardana\/"},"modified":"2026-01-13T10:49:09","modified_gmt":"2026-01-13T10:49:09","slug":"kosacica-wirax-135-bez-kardana","status":"publish","type":"product","link":"https:\/\/www.sinpeks.com\/rs\/p\/kosacica-wirax-135-bez-kardana\/","title":{"rendered":"Kosa\u010dica WIRAX 135 bez kardana"},"content":{"rendered":"<p>Traktorske kosilice su namenjene za ko\u0161enje trave i pa\u0161njaka na livadama i njivama. Radna \u0161irina ma\u0161ine je 135cm, radni diskovi velike brzine daju veoma dobar kvalitet i efikasnost ko\u0161enja. Provereno re\u0161enje za farme sa niskim i visokim prinosom. \u010cvrst i robustan dizajn ma\u0161ine garantuje dug servis bez problema.<\/p>\n","protected":false},"excerpt":{"rendered":"<p>Traktorske kosilice su namenjene za ko\u0161enje trave i pa\u0161njaka na livadama i njivama. Radna \u0161irina ma\u0161ine je 135cm, radni diskovi velike brzine daju veoma dobar kvalitet i efikasnost ko\u0161enja. Provereno re\u0161enje za farme sa niskim i visokim prinosom. \u010cvrst i robustan dizajn ma\u0161ine garantuje dug servis bez problema.<\/p>\n","protected":false},"featured_media":16551,"comment_status":"open","ping_status":"closed","template":"","meta":{"_acf_changed":false},"product_cat":[101],"product_tag":[],"class_list":{"0":"post-12380","1":"product","2":"type-product","3":"status-publish","4":"has-post-thumbnail","6":"product_cat-kosacice-za-traktor","7":"product_shipping_class-ostale-kategorije-makedonija","8":"pa_b-wirax","9":"pa_market-ba","10":"pa_market-mk","11":"pa_market-rs","12":"pa_min-snaga-traktora-30-ks","13":"pa_radna-sirina-135-cm","15":"first","16":"outofstock","17":"sale","18":"taxable","19":"shipping-taxable","20":"purchasable","21":"product-type-simple"},"acf":[],"seolaxy_ctr_woo_product_custom_meta_description_content":"","_links":{"self":[{"href":"https:\/\/www.sinpeks.com\/rs\/wp-json\/wp\/v2\/product\/12380","targetHints":{"allow":["GET"]}}],"collection":[{"href":"https:\/\/www.sinpeks.com\/rs\/wp-json\/wp\/v2\/product"}],"about":[{"href":"https:\/\/www.sinpeks.com\/rs\/wp-json\/wp\/v2\/types\/product"}],"replies":[{"embeddable":true,"href":"https:\/\/www.sinpeks.com\/rs\/wp-json\/wp\/v2\/comments?post=12380"}],"wp:featuredmedia":[{"embeddable":true,"href":"https:\/\/www.sinpeks.com\/rs\/wp-json\/wp\/v2\/media\/16551"}],"wp:attachment":[{"href":"https:\/\/www.sinpeks.com\/rs\/wp-json\/wp\/v2\/media?parent=12380"}],"wp:term":[{"taxonomy":"product_cat","embeddable":true,"href":"https:\/\/www.sinpeks.com\/rs\/wp-json\/wp\/v2\/product_cat?post=12380"},{"taxonomy":"product_tag","embeddable":true,"href":"https:\/\/www.sinpeks.com\/rs\/wp-json\/wp\/v2\/product_tag?post=12380"}],"curies":[{"name":"wp","href":"https:\/\/api.w.org\/{rel}","templated":true}]}}