{"id":12379,"date":"2024-11-19T18:00:28","date_gmt":"2024-11-19T18:00:28","guid":{"rendered":"https:\/\/www.sinpeks.com\/rs\/p\/cetvorokrilna-laka-brana-44-m-tupanjac\/"},"modified":"2026-01-13T11:02:57","modified_gmt":"2026-01-13T11:02:57","slug":"cetvorokrilna-laka-brana-44-m-tupanjac","status":"publish","type":"product","link":"https:\/\/www.sinpeks.com\/rs\/p\/cetvorokrilna-laka-brana-44-m-tupanjac\/","title":{"rendered":"\u010cetvorokrilna polute\u0161ka drlja\u010da 4,4 m Tupanjac sa rotorima"},"content":{"rendered":"<p>Ova drlja\u010da srpskog proizvo\u0111a\u010da Tupanjac je namenjena za pripremu zemlji\u0161ta za setvu.Karakteri\u0161e je radna \u0161irina od 4400mm, 80 klinova i 8 rotora. Potrebna snaga traktora za rad sa ovom drlja\u010dom iznosi 75-90ks.<\/p>\n","protected":false},"excerpt":{"rendered":"<p>Ova drlja\u010da srpskog proizvo\u0111a\u010da Tupanjac je namenjena za pripremu zemlji\u0161ta za setvu.Karakteri\u0161e je radna \u0161irina od 4400mm, 80 klinova i 8 rotora. Potrebna snaga traktora za rad sa ovom drlja\u010dom iznosi 75-90ks.<\/p>\n","protected":false},"featured_media":15750,"comment_status":"open","ping_status":"closed","template":"","meta":{"_acf_changed":false},"product_cat":[79],"product_tag":[],"class_list":{"0":"post-12379","1":"product","2":"type-product","3":"status-publish","4":"has-post-thumbnail","6":"product_cat-drljace","7":"product_shipping_class-ostale-kategorije-makedonija","8":"pa_b-tupanjac","9":"pa_broj-krila-sa-cetiri-krila","10":"pa_broj-radnih-tela-4x20","11":"pa_market-ba","12":"pa_market-mk","13":"pa_market-rs","14":"pa_min-snaga-traktora-75-ks","15":"pa_radna-dubina-10-cm","16":"pa_radna-sirina-440cm","17":"pa_tip-drljace-nosena","19":"first","20":"outofstock","21":"sale","22":"taxable","23":"shipping-taxable","24":"purchasable","25":"product-type-simple"},"acf":[],"seolaxy_ctr_woo_product_custom_meta_description_content":"","_links":{"self":[{"href":"https:\/\/www.sinpeks.com\/rs\/wp-json\/wp\/v2\/product\/12379","targetHints":{"allow":["GET"]}}],"collection":[{"href":"https:\/\/www.sinpeks.com\/rs\/wp-json\/wp\/v2\/product"}],"about":[{"href":"https:\/\/www.sinpeks.com\/rs\/wp-json\/wp\/v2\/types\/product"}],"replies":[{"embeddable":true,"href":"https:\/\/www.sinpeks.com\/rs\/wp-json\/wp\/v2\/comments?post=12379"}],"wp:featuredmedia":[{"embeddable":true,"href":"https:\/\/www.sinpeks.com\/rs\/wp-json\/wp\/v2\/media\/15750"}],"wp:attachment":[{"href":"https:\/\/www.sinpeks.com\/rs\/wp-json\/wp\/v2\/media?parent=12379"}],"wp:term":[{"taxonomy":"product_cat","embeddable":true,"href":"https:\/\/www.sinpeks.com\/rs\/wp-json\/wp\/v2\/product_cat?post=12379"},{"taxonomy":"product_tag","embeddable":true,"href":"https:\/\/www.sinpeks.com\/rs\/wp-json\/wp\/v2\/product_tag?post=12379"}],"curies":[{"name":"wp","href":"https:\/\/api.w.org\/{rel}","templated":true}]}}