{"id":12378,"date":"2024-11-19T18:00:27","date_gmt":"2024-11-19T18:00:27","guid":{"rendered":"https:\/\/www.sinpeks.com\/rs\/p\/drljaca-cetvorokrilna-ojacana-pp\/"},"modified":"2026-04-21T13:46:25","modified_gmt":"2026-04-21T13:46:25","slug":"drljaca-cetvorokrilna-ojacana-pp","status":"publish","type":"product","link":"https:\/\/www.sinpeks.com\/rs\/p\/drljaca-cetvorokrilna-ojacana-pp\/","title":{"rendered":"Drlja\u010da \u010detvorokrilna oja\u010dana PP"},"content":{"rendered":"<p>Drlja\u010da \u010detvorokrilna, oja\u010dana, makedonskog proizvo\u0111a\u010da AgroMeh je poljoprivredna ma\u0161ina koja se koristi za obradu zemlje. Njena radna \u0161irina iznosi 3750 mm. Njena oja\u010danost joj daje du\u017ei vek trajanja. Potrebna minimalna snaga traktora za rad sa ovom \u010detvorokrilnom oja\u010danom drlja\u010dom iznosi 39ks.<\/p>\n","protected":false},"excerpt":{"rendered":"<p>Drlja\u010da \u010detvorokrilna, oja\u010dana, makedonskog proizvo\u0111a\u010da AgroMeh je poljoprivredna ma\u0161ina koja se koristi za obradu zemlje. Njena radna \u0161irina iznosi 3750 mm. Njena oja\u010danost joj daje du\u017ei vek trajanja. Potrebna minimalna snaga traktora za rad sa ovom \u010detvorokrilnom oja\u010danom drlja\u010dom iznosi 39ks.<\/p>\n","protected":false},"featured_media":15749,"comment_status":"open","ping_status":"closed","template":"","meta":{"_acf_changed":false},"product_cat":[79],"product_tag":[],"class_list":{"0":"post-12378","1":"product","2":"type-product","3":"status-publish","4":"has-post-thumbnail","6":"product_cat-drljace","7":"product_shipping_class-ostale-kategorije-makedonija","8":"pa_b-agro-meh","9":"pa_broj-krila-sa-cetiri-krila","10":"pa_broj-radnih-tela-4x20","11":"pa_market-ba","12":"pa_market-mk","13":"pa_market-rs","14":"pa_min-snaga-traktora-39-ks","15":"pa_radna-dubina-10-cm","16":"pa_radna-sirina-375cm","17":"pa_tip-drljace-nosena","19":"first","20":"outofstock","21":"sale","22":"taxable","23":"shipping-taxable","24":"purchasable","25":"product-type-simple"},"acf":[],"seolaxy_ctr_woo_product_custom_meta_description_content":"","_links":{"self":[{"href":"https:\/\/www.sinpeks.com\/rs\/wp-json\/wp\/v2\/product\/12378","targetHints":{"allow":["GET"]}}],"collection":[{"href":"https:\/\/www.sinpeks.com\/rs\/wp-json\/wp\/v2\/product"}],"about":[{"href":"https:\/\/www.sinpeks.com\/rs\/wp-json\/wp\/v2\/types\/product"}],"replies":[{"embeddable":true,"href":"https:\/\/www.sinpeks.com\/rs\/wp-json\/wp\/v2\/comments?post=12378"}],"wp:featuredmedia":[{"embeddable":true,"href":"https:\/\/www.sinpeks.com\/rs\/wp-json\/wp\/v2\/media\/15749"}],"wp:attachment":[{"href":"https:\/\/www.sinpeks.com\/rs\/wp-json\/wp\/v2\/media?parent=12378"}],"wp:term":[{"taxonomy":"product_cat","embeddable":true,"href":"https:\/\/www.sinpeks.com\/rs\/wp-json\/wp\/v2\/product_cat?post=12378"},{"taxonomy":"product_tag","embeddable":true,"href":"https:\/\/www.sinpeks.com\/rs\/wp-json\/wp\/v2\/product_tag?post=12378"}],"curies":[{"name":"wp","href":"https:\/\/api.w.org\/{rel}","templated":true}]}}