{"id":12377,"date":"2024-11-19T18:00:27","date_gmt":"2024-11-19T18:00:27","guid":{"rendered":"https:\/\/www.sinpeks.com\/rs\/p\/drljaca-trokrilna-ojacana\/"},"modified":"2026-04-28T07:34:55","modified_gmt":"2026-04-28T07:34:55","slug":"drljaca-trokrilna-ojacana","status":"publish","type":"product","link":"https:\/\/www.sinpeks.com\/rs\/p\/drljaca-trokrilna-ojacana\/","title":{"rendered":"Drlja\u010da trokrilna oja\u010dana"},"content":{"rendered":"<p>Drlja\u010da trokrilna oja\u010dana, makedonskog proizvo\u0111a\u010da AgroMeh, je poljoprivredna ma\u0161ina koja se koristi za obradu zemlje, posebno za tanjenje i usitnjavanje tla, te za pripremu zemlji\u0161ta za setvu. Radna \u0161irina je 285 cm. Ova drlja\u010da je oja\u010dana i ima du\u017ei vek trajanja.<\/p>\n","protected":false},"excerpt":{"rendered":"<p>Drlja\u010da trokrilna oja\u010dana, makedonskog proizvo\u0111a\u010da AgroMeh, je poljoprivredna ma\u0161ina koja se koristi za obradu zemlje, posebno za tanjenje i usitnjavanje tla, te za pripremu zemlji\u0161ta za setvu. Radna \u0161irina je 285 cm. Ova drlja\u010da je oja\u010dana i ima du\u017ei vek trajanja.<\/p>\n","protected":false},"featured_media":15748,"comment_status":"open","ping_status":"closed","template":"","meta":{"_acf_changed":false},"product_cat":[79],"product_tag":[],"class_list":{"0":"post-12377","1":"product","2":"type-product","3":"status-publish","4":"has-post-thumbnail","6":"product_cat-drljace","7":"product_shipping_class-ostale-kategorije-srbija","8":"pa_b-agro-meh","9":"pa_broj-krila-sa-tri-krila","10":"pa_broj-radnih-tela-3x20","11":"pa_market-ba","12":"pa_market-mk","13":"pa_market-rs","14":"pa_min-snaga-traktora-35-ks","15":"pa_radna-dubina-10-cm","16":"pa_radna-sirina-285cm","17":"pa_tip-drljace-nosena","19":"first","20":"instock","21":"sale","22":"taxable","23":"shipping-taxable","24":"purchasable","25":"product-type-simple"},"acf":[],"seolaxy_ctr_woo_product_custom_meta_description_content":"","_links":{"self":[{"href":"https:\/\/www.sinpeks.com\/rs\/wp-json\/wp\/v2\/product\/12377","targetHints":{"allow":["GET"]}}],"collection":[{"href":"https:\/\/www.sinpeks.com\/rs\/wp-json\/wp\/v2\/product"}],"about":[{"href":"https:\/\/www.sinpeks.com\/rs\/wp-json\/wp\/v2\/types\/product"}],"replies":[{"embeddable":true,"href":"https:\/\/www.sinpeks.com\/rs\/wp-json\/wp\/v2\/comments?post=12377"}],"wp:featuredmedia":[{"embeddable":true,"href":"https:\/\/www.sinpeks.com\/rs\/wp-json\/wp\/v2\/media\/15748"}],"wp:attachment":[{"href":"https:\/\/www.sinpeks.com\/rs\/wp-json\/wp\/v2\/media?parent=12377"}],"wp:term":[{"taxonomy":"product_cat","embeddable":true,"href":"https:\/\/www.sinpeks.com\/rs\/wp-json\/wp\/v2\/product_cat?post=12377"},{"taxonomy":"product_tag","embeddable":true,"href":"https:\/\/www.sinpeks.com\/rs\/wp-json\/wp\/v2\/product_tag?post=12377"}],"curies":[{"name":"wp","href":"https:\/\/api.w.org\/{rel}","templated":true}]}}