{"id":12374,"date":"2024-11-19T18:00:25","date_gmt":"2024-11-19T18:00:25","guid":{"rendered":"https:\/\/www.sinpeks.com\/rs\/p\/drljaca-cetvorokrilna-pp\/"},"modified":"2026-04-28T07:30:32","modified_gmt":"2026-04-28T07:30:32","slug":"drljaca-cetvorokrilna-pp","status":"publish","type":"product","link":"https:\/\/www.sinpeks.com\/rs\/p\/drljaca-cetvorokrilna-pp\/","title":{"rendered":"Drlja\u010da \u010detvorokrilna PP"},"content":{"rendered":"<p>Poljoprivredna ma\u0161ina za traktor koja se koristi za ravnanje i pripremu tla pre setve i sadnje. Ova \u010detvorokrilna drlja\u010da ima radnu \u0161irinu od 375 cm, radnu dubinu od 10cm, a potrebna minamalna snaga traktora je 39KS.<\/p>\n","protected":false},"excerpt":{"rendered":"<p>Poljoprivredna ma\u0161ina za traktor koja se koristi za ravnanje i pripremu tla pre setve i sadnje. Ova \u010detvorokrilna drlja\u010da ima radnu \u0161irinu od 375 cm, radnu dubinu od 10cm, a potrebna minamalna snaga traktora je 39KS.<\/p>\n","protected":false},"featured_media":15745,"comment_status":"open","ping_status":"closed","template":"","meta":{"_acf_changed":false},"product_cat":[79],"product_tag":[],"class_list":{"0":"post-12374","1":"product","2":"type-product","3":"status-publish","4":"has-post-thumbnail","6":"product_cat-drljace","7":"product_shipping_class-ostale-kategorije-makedonija","8":"pa_b-agro-meh","9":"pa_broj-krila-sa-cetiri-krila","10":"pa_broj-radnih-tela-4x20","11":"pa_market-ba","12":"pa_market-mk","13":"pa_market-rs","14":"pa_min-snaga-traktora-39-ks","15":"pa_radna-dubina-10-cm","16":"pa_radna-sirina-375cm","17":"pa_tip-drljace-nosena","19":"first","20":"outofstock","21":"sale","22":"taxable","23":"shipping-taxable","24":"purchasable","25":"product-type-simple"},"acf":[],"seolaxy_ctr_woo_product_custom_meta_description_content":"","_links":{"self":[{"href":"https:\/\/www.sinpeks.com\/rs\/wp-json\/wp\/v2\/product\/12374","targetHints":{"allow":["GET"]}}],"collection":[{"href":"https:\/\/www.sinpeks.com\/rs\/wp-json\/wp\/v2\/product"}],"about":[{"href":"https:\/\/www.sinpeks.com\/rs\/wp-json\/wp\/v2\/types\/product"}],"replies":[{"embeddable":true,"href":"https:\/\/www.sinpeks.com\/rs\/wp-json\/wp\/v2\/comments?post=12374"}],"wp:featuredmedia":[{"embeddable":true,"href":"https:\/\/www.sinpeks.com\/rs\/wp-json\/wp\/v2\/media\/15745"}],"wp:attachment":[{"href":"https:\/\/www.sinpeks.com\/rs\/wp-json\/wp\/v2\/media?parent=12374"}],"wp:term":[{"taxonomy":"product_cat","embeddable":true,"href":"https:\/\/www.sinpeks.com\/rs\/wp-json\/wp\/v2\/product_cat?post=12374"},{"taxonomy":"product_tag","embeddable":true,"href":"https:\/\/www.sinpeks.com\/rs\/wp-json\/wp\/v2\/product_tag?post=12374"}],"curies":[{"name":"wp","href":"https:\/\/api.w.org\/{rel}","templated":true}]}}