{"id":12373,"date":"2024-11-19T18:00:24","date_gmt":"2024-11-19T18:00:24","guid":{"rendered":"https:\/\/www.sinpeks.com\/rs\/p\/drljaca-trokrilna-pp\/"},"modified":"2026-04-23T09:27:02","modified_gmt":"2026-04-23T09:27:02","slug":"drljaca-trokrilna-pp","status":"publish","type":"product","link":"https:\/\/www.sinpeks.com\/rs\/p\/drljaca-trokrilna-pp\/","title":{"rendered":"Drlja\u010da trokrilna PP"},"content":{"rendered":"<p>Trokrilna drlja\u010da makedonskog proizvo\u0111a\u010da AgroMeh je poljoprivredna ma\u0161ina koja se koristi za obradu zemlje, posebno za tanjenje i usitnjavanje tla, te za pripremu zemlji\u0161ta za setvu. Radna \u0161irina je 285 cm, radna dubina 10 cm dok je ukupan broj klinova 60.<\/p>\n","protected":false},"excerpt":{"rendered":"<p>Trokrilna drlja\u010da makedonskog proizvo\u0111a\u010da AgroMeh je poljoprivredna ma\u0161ina koja se koristi za obradu zemlje, posebno za tanjenje i usitnjavanje tla, te za pripremu zemlji\u0161ta za setvu. Radna \u0161irina je 285 cm, radna dubina 10 cm dok je ukupan broj klinova 60.<\/p>\n","protected":false},"featured_media":15744,"comment_status":"open","ping_status":"closed","template":"","meta":{"_acf_changed":false},"product_cat":[79],"product_tag":[],"class_list":{"0":"post-12373","1":"product","2":"type-product","3":"status-publish","4":"has-post-thumbnail","6":"product_cat-drljace","7":"product_shipping_class-ostale-kategorije-makedonija","8":"pa_b-agro-meh","9":"pa_broj-radnih-tela-3x20","10":"pa_market-ba","11":"pa_market-mk","12":"pa_market-rs","13":"pa_min-snaga-traktora-35-ks","14":"pa_radna-dubina-10-cm","15":"pa_radna-sirina-285cm","16":"pa_tip-drljace-nosena","18":"first","19":"instock","20":"sale","21":"taxable","22":"shipping-taxable","23":"purchasable","24":"product-type-simple"},"acf":[],"seolaxy_ctr_woo_product_custom_meta_description_content":"","_links":{"self":[{"href":"https:\/\/www.sinpeks.com\/rs\/wp-json\/wp\/v2\/product\/12373","targetHints":{"allow":["GET"]}}],"collection":[{"href":"https:\/\/www.sinpeks.com\/rs\/wp-json\/wp\/v2\/product"}],"about":[{"href":"https:\/\/www.sinpeks.com\/rs\/wp-json\/wp\/v2\/types\/product"}],"replies":[{"embeddable":true,"href":"https:\/\/www.sinpeks.com\/rs\/wp-json\/wp\/v2\/comments?post=12373"}],"wp:featuredmedia":[{"embeddable":true,"href":"https:\/\/www.sinpeks.com\/rs\/wp-json\/wp\/v2\/media\/15744"}],"wp:attachment":[{"href":"https:\/\/www.sinpeks.com\/rs\/wp-json\/wp\/v2\/media?parent=12373"}],"wp:term":[{"taxonomy":"product_cat","embeddable":true,"href":"https:\/\/www.sinpeks.com\/rs\/wp-json\/wp\/v2\/product_cat?post=12373"},{"taxonomy":"product_tag","embeddable":true,"href":"https:\/\/www.sinpeks.com\/rs\/wp-json\/wp\/v2\/product_tag?post=12373"}],"curies":[{"name":"wp","href":"https:\/\/api.w.org\/{rel}","templated":true}]}}