{"id":12156,"date":"2024-11-19T15:51:30","date_gmt":"2024-11-19T15:51:30","guid":{"rendered":"https:\/\/www.sinpeks.com\/rs\/p\/preet-2549\/"},"modified":"2026-04-16T14:05:48","modified_gmt":"2026-04-16T14:05:48","slug":"preet-2549","status":"publish","type":"product","link":"https:\/\/www.sinpeks.com\/rs\/p\/preet-2549\/","title":{"rendered":"Traktor Preet 2549"},"content":{"rendered":"<p>Traktor PREET 2549 \u2013 4WD je namenjen za izvo\u0111enje moc\u0301nih radova op\u0161te namene u poljoprivredi, glavne i predsadne obrade zemlji\u0161ta, setve, \u017eetve kori\u0161c\u0301enjem kombinovanih i \u0161irokorezanih agregata visokih performansi i transportnih radova. To je osnovni modul za modifikaciju traktora koji se koriste u komunalnim delatnostima i \u0161umarstvu. Kao izuzetak koji potvr\u0111uje \u0161ire moguc\u0301nosti konvencionalnih traktora, PREET 2549 \u2013 4WD traktor se mo\u017ee koristiti na svim vrstama radova, uklju\u010dujuc\u0301i me\u0111urednu obradu obra\u0111enih useva.<\/p>\n","protected":false},"excerpt":{"rendered":"<p>Traktor PREET 2549 \u2013 4WD je namenjen za izvo\u0111enje moc\u0301nih radova op\u0161te namene u poljoprivredi, glavne i predsadne obrade zemlji\u0161ta, setve, \u017eetve kori\u0161c\u0301enjem kombinovanih i \u0161irokorezanih agregata visokih performansi i transportnih radova. To je osnovni modul za modifikaciju traktora koji se koriste u komunalnim delatnostima i \u0161umarstvu. Kao izuzetak koji potvr\u0111uje \u0161ire moguc\u0301nosti konvencionalnih traktora, [&hellip;]<\/p>\n","protected":false},"featured_media":14406,"comment_status":"open","ping_status":"closed","template":"","meta":{"_acf_changed":false},"product_cat":[40],"product_tag":[],"class_list":{"0":"post-12156","1":"product","2":"type-product","3":"status-publish","4":"has-post-thumbnail","6":"product_cat-vocarski","7":"product_shipping_class-ostale-kategorije-srbija","8":"pa_b-preet-tractors","9":"pa_gorivo-dizel","10":"pa_kabina-bez-kabine","11":"pa_klimatizacija-bez-klime","12":"pa_market-ba","13":"pa_market-mk","14":"pa_market-rs","15":"pa_max-kapacitet-dizanja-750-kg","16":"pa_menjac-sa-manuelnim-menjacem","17":"pa_pogon-traktora-sa-4x4-pogonom-4wd","18":"pa_snaga-traktora-25-ks","20":"first","21":"instock","22":"sale","23":"taxable","24":"shipping-taxable","25":"purchasable","26":"product-type-simple"},"acf":[],"seolaxy_ctr_woo_product_custom_meta_description_content":"","_links":{"self":[{"href":"https:\/\/www.sinpeks.com\/rs\/wp-json\/wp\/v2\/product\/12156","targetHints":{"allow":["GET"]}}],"collection":[{"href":"https:\/\/www.sinpeks.com\/rs\/wp-json\/wp\/v2\/product"}],"about":[{"href":"https:\/\/www.sinpeks.com\/rs\/wp-json\/wp\/v2\/types\/product"}],"replies":[{"embeddable":true,"href":"https:\/\/www.sinpeks.com\/rs\/wp-json\/wp\/v2\/comments?post=12156"}],"wp:featuredmedia":[{"embeddable":true,"href":"https:\/\/www.sinpeks.com\/rs\/wp-json\/wp\/v2\/media\/14406"}],"wp:attachment":[{"href":"https:\/\/www.sinpeks.com\/rs\/wp-json\/wp\/v2\/media?parent=12156"}],"wp:term":[{"taxonomy":"product_cat","embeddable":true,"href":"https:\/\/www.sinpeks.com\/rs\/wp-json\/wp\/v2\/product_cat?post=12156"},{"taxonomy":"product_tag","embeddable":true,"href":"https:\/\/www.sinpeks.com\/rs\/wp-json\/wp\/v2\/product_tag?post=12156"}],"curies":[{"name":"wp","href":"https:\/\/api.w.org\/{rel}","templated":true}]}}