{"id":12154,"date":"2024-11-19T15:51:29","date_gmt":"2024-11-19T15:51:29","guid":{"rendered":"https:\/\/www.sinpeks.com\/rs\/p\/belarus-mtz-921-3-v\/"},"modified":"2026-02-17T09:24:55","modified_gmt":"2026-02-17T09:24:55","slug":"belarus-mtz-921-3-v","status":"publish","type":"product","link":"https:\/\/www.sinpeks.com\/rs\/p\/belarus-mtz-921-3-v\/","title":{"rendered":"Traktor Belarus MTZ 921.3 V cab"},"content":{"rendered":"<p>Traktor je namenjen za razne poljoprivredne radove sa no\u0161enim, poluno\u0161enim i vu\u010denim ma\u0161inama i priklju\u010dkom, za vu\u010dne radove. Opremljen kabinom i sna\u017enim motorom, ova ma\u0161ina 921.3 mo\u017ee da obezbedi 70kW ili 93 konjske snage za traktor sa 4WD. Ovaj traktor Belarus 4WD pripada\u00a0 ma\u0161inama srednje veli\u010dine u kategoriji traktora.<\/p>\n","protected":false},"excerpt":{"rendered":"<p>Traktor je namenjen za razne poljoprivredne radove sa no\u0161enim, poluno\u0161enim i vu\u010denim ma\u0161inama i priklju\u010dkom, za vu\u010dne radove. Opremljen kabinom i sna\u017enim motorom, ova ma\u0161ina 921.3 mo\u017ee da obezbedi 70kW ili 93 konjske snage za traktor sa 4WD. Ovaj traktor Belarus 4WD pripada\u00a0 ma\u0161inama srednje veli\u010dine u kategoriji traktora.<\/p>\n","protected":false},"featured_media":13003,"comment_status":"open","ping_status":"closed","template":"","meta":{"_acf_changed":false},"product_cat":[40],"product_tag":[],"class_list":{"0":"post-12154","1":"product","2":"type-product","3":"status-publish","4":"has-post-thumbnail","6":"product_cat-vocarski","7":"product_shipping_class-ostale-kategorije-makedonija","8":"pa_b-belarus","9":"pa_gorivo-dizel","10":"pa_kabina-sa-kabinom","11":"pa_klimatizacija-bez-klime","12":"pa_market-ba","13":"pa_market-mk","14":"pa_market-rs","15":"pa_max-kapacitet-dizanja-3600-kg","16":"pa_menjac-sa-manuelnim-menjacem","17":"pa_pogon-traktora-sa-4x4-pogonom-4wd","18":"pa_snaga-traktora-95-ks","20":"first","21":"outofstock","22":"sale","23":"taxable","24":"shipping-taxable","25":"purchasable","26":"product-type-simple"},"acf":[],"seolaxy_ctr_woo_product_custom_meta_description_content":"","_links":{"self":[{"href":"https:\/\/www.sinpeks.com\/rs\/wp-json\/wp\/v2\/product\/12154","targetHints":{"allow":["GET"]}}],"collection":[{"href":"https:\/\/www.sinpeks.com\/rs\/wp-json\/wp\/v2\/product"}],"about":[{"href":"https:\/\/www.sinpeks.com\/rs\/wp-json\/wp\/v2\/types\/product"}],"replies":[{"embeddable":true,"href":"https:\/\/www.sinpeks.com\/rs\/wp-json\/wp\/v2\/comments?post=12154"}],"wp:featuredmedia":[{"embeddable":true,"href":"https:\/\/www.sinpeks.com\/rs\/wp-json\/wp\/v2\/media\/13003"}],"wp:attachment":[{"href":"https:\/\/www.sinpeks.com\/rs\/wp-json\/wp\/v2\/media?parent=12154"}],"wp:term":[{"taxonomy":"product_cat","embeddable":true,"href":"https:\/\/www.sinpeks.com\/rs\/wp-json\/wp\/v2\/product_cat?post=12154"},{"taxonomy":"product_tag","embeddable":true,"href":"https:\/\/www.sinpeks.com\/rs\/wp-json\/wp\/v2\/product_tag?post=12154"}],"curies":[{"name":"wp","href":"https:\/\/api.w.org\/{rel}","templated":true}]}}