{"id":12149,"date":"2024-11-19T15:51:26","date_gmt":"2024-11-19T15:51:26","guid":{"rendered":"https:\/\/www.sinpeks.com\/rs\/p\/imt-539-2-di-2\/"},"modified":"2026-02-17T09:26:38","modified_gmt":"2026-02-17T09:26:38","slug":"imt-539-di","status":"publish","type":"product","link":"https:\/\/www.sinpeks.com\/rs\/p\/imt-539-di\/","title":{"rendered":"Traktor IMT 539.2 DI 2WD ram"},"content":{"rendered":"<p>Legendarni traktor, neosporan u radu na terenu, IMT 539.2 DI je traktor koji treba da bude u vlasni\u0161tvu svakog malog ili ve\u0107eg poljoprivrednog gazdinstva. Poznati dizajn, savremena tehni\u010dka re\u0161enja, maksimalna izdr\u017eljivost, niska cena i jednostavnost su njegove glavne prednosti. I verujte mi, ovde se ne radi o nostalgiji. Ovde se radi o beskompromisnom kvalitetu! Opremljen sigurnosnim lukom.<\/p>\n","protected":false},"excerpt":{"rendered":"<p>Legendarni traktor, neosporan u radu na terenu, IMT 539.2 DI je traktor koji treba da bude u vlasni\u0161tvu svakog malog ili ve\u0107eg poljoprivrednog gazdinstva. Poznati dizajn, savremena tehni\u010dka re\u0161enja, maksimalna izdr\u017eljivost, niska cena i jednostavnost su njegove glavne prednosti. I verujte mi, ovde se ne radi o nostalgiji. Ovde se radi o beskompromisnom kvalitetu! Opremljen [&hellip;]<\/p>\n","protected":false},"featured_media":13040,"comment_status":"open","ping_status":"closed","template":"","meta":{"_acf_changed":false},"product_cat":[60],"product_tag":[],"class_list":{"0":"post-12149","1":"product","2":"type-product","3":"status-publish","4":"has-post-thumbnail","6":"product_cat-poljoprivredni","7":"product_shipping_class-ostale-kategorije-makedonija","8":"pa_b-imt","9":"pa_gorivo-dizel","10":"pa_kabina-bez-kabine","11":"pa_klimatizacija-bez-klime","12":"pa_market-ba","13":"pa_market-mk","14":"pa_market-rs","15":"pa_max-kapacitet-dizanja-1100-kg","16":"pa_menjac-sa-manuelnim-menjacem","17":"pa_pogon-traktora-sa-zadnjim-pogonom-2wd","18":"pa_snaga-traktora-47-ks","20":"first","21":"outofstock","22":"sale","23":"taxable","24":"shipping-taxable","25":"purchasable","26":"product-type-simple"},"acf":[],"seolaxy_ctr_woo_product_custom_meta_description_content":"","_links":{"self":[{"href":"https:\/\/www.sinpeks.com\/rs\/wp-json\/wp\/v2\/product\/12149","targetHints":{"allow":["GET"]}}],"collection":[{"href":"https:\/\/www.sinpeks.com\/rs\/wp-json\/wp\/v2\/product"}],"about":[{"href":"https:\/\/www.sinpeks.com\/rs\/wp-json\/wp\/v2\/types\/product"}],"replies":[{"embeddable":true,"href":"https:\/\/www.sinpeks.com\/rs\/wp-json\/wp\/v2\/comments?post=12149"}],"wp:featuredmedia":[{"embeddable":true,"href":"https:\/\/www.sinpeks.com\/rs\/wp-json\/wp\/v2\/media\/13040"}],"wp:attachment":[{"href":"https:\/\/www.sinpeks.com\/rs\/wp-json\/wp\/v2\/media?parent=12149"}],"wp:term":[{"taxonomy":"product_cat","embeddable":true,"href":"https:\/\/www.sinpeks.com\/rs\/wp-json\/wp\/v2\/product_cat?post=12149"},{"taxonomy":"product_tag","embeddable":true,"href":"https:\/\/www.sinpeks.com\/rs\/wp-json\/wp\/v2\/product_tag?post=12149"}],"curies":[{"name":"wp","href":"https:\/\/api.w.org\/{rel}","templated":true}]}}