{"id":12148,"date":"2024-11-19T15:51:25","date_gmt":"2024-11-19T15:51:25","guid":{"rendered":"https:\/\/www.sinpeks.com\/rs\/p\/imt-549-3-di-2\/"},"modified":"2026-02-17T09:26:54","modified_gmt":"2026-02-17T09:26:54","slug":"imt-549-3-di","status":"publish","type":"product","link":"https:\/\/www.sinpeks.com\/rs\/p\/imt-549-3-di\/","title":{"rendered":"Traktor IMT 549.3 DI ram"},"content":{"rendered":"<p>Kombinacija snage, pogonom na sva to\u010dka (4WD) i izdr\u017eljivosti na svim terenima, ovo je traktor kome veruju mnoge generacije i omiljeni je traktor mnogih poljoprivrednika, poznat po svom kvalitetu, snazi i izdr\u017eljivosti. Jednostavan dizajn sa tehni\u010dkim re\u0161enjima prilago\u0111enim na\u0161em tr\u017ei\u0161tu i proverenim kvalitetom. Opremljen sa sigornosnim lukom.<\/p>\n","protected":false},"excerpt":{"rendered":"<p>Kombinacija snage, pogonom na sva to\u010dka (4WD) i izdr\u017eljivosti na svim terenima, ovo je traktor kome veruju mnoge generacije i omiljeni je traktor mnogih poljoprivrednika, poznat po svom kvalitetu, snazi i izdr\u017eljivosti. Jednostavan dizajn sa tehni\u010dkim re\u0161enjima prilago\u0111enim na\u0161em tr\u017ei\u0161tu i proverenim kvalitetom. Opremljen sa sigornosnim lukom.<\/p>\n","protected":false},"featured_media":12799,"comment_status":"open","ping_status":"closed","template":"","meta":{"_acf_changed":false},"product_cat":[60],"product_tag":[],"class_list":{"0":"post-12148","1":"product","2":"type-product","3":"status-publish","4":"has-post-thumbnail","6":"product_cat-poljoprivredni","7":"product_shipping_class-ostale-kategorije-makedonija","8":"pa_b-imt","9":"pa_gorivo-dizel","10":"pa_kabina-bez-kabine","11":"pa_klimatizacija-bez-klime","12":"pa_market-ba","13":"pa_market-mk","14":"pa_market-rs","15":"pa_max-kapacitet-dizanja-1700-kg","16":"pa_menjac-sa-manuelnim-menjacem","17":"pa_pogon-traktora-sa-4x4-pogonom-4wd","18":"pa_snaga-traktora-47-ks","20":"first","21":"outofstock","22":"sale","23":"taxable","24":"shipping-taxable","25":"purchasable","26":"product-type-simple"},"acf":[],"seolaxy_ctr_woo_product_custom_meta_description_content":"","_links":{"self":[{"href":"https:\/\/www.sinpeks.com\/rs\/wp-json\/wp\/v2\/product\/12148","targetHints":{"allow":["GET"]}}],"collection":[{"href":"https:\/\/www.sinpeks.com\/rs\/wp-json\/wp\/v2\/product"}],"about":[{"href":"https:\/\/www.sinpeks.com\/rs\/wp-json\/wp\/v2\/types\/product"}],"replies":[{"embeddable":true,"href":"https:\/\/www.sinpeks.com\/rs\/wp-json\/wp\/v2\/comments?post=12148"}],"wp:featuredmedia":[{"embeddable":true,"href":"https:\/\/www.sinpeks.com\/rs\/wp-json\/wp\/v2\/media\/12799"}],"wp:attachment":[{"href":"https:\/\/www.sinpeks.com\/rs\/wp-json\/wp\/v2\/media?parent=12148"}],"wp:term":[{"taxonomy":"product_cat","embeddable":true,"href":"https:\/\/www.sinpeks.com\/rs\/wp-json\/wp\/v2\/product_cat?post=12148"},{"taxonomy":"product_tag","embeddable":true,"href":"https:\/\/www.sinpeks.com\/rs\/wp-json\/wp\/v2\/product_tag?post=12148"}],"curies":[{"name":"wp","href":"https:\/\/api.w.org\/{rel}","templated":true}]}}