{"id":12144,"date":"2024-11-19T15:51:23","date_gmt":"2024-11-19T15:51:23","guid":{"rendered":"https:\/\/www.sinpeks.com\/rs\/p\/john-deere-5115gf\/"},"modified":"2026-01-13T11:29:12","modified_gmt":"2026-01-13T11:29:12","slug":"john-deere-5115gf","status":"publish","type":"product","link":"https:\/\/www.sinpeks.com\/rs\/p\/john-deere-5115gf\/","title":{"rendered":"Traktor John Deere 5115GF cab"},"content":{"rendered":"<p>Uzgajanje vo\u0107a i vinove loze postavlja posebne zahteve va\u0161oj poloprivrednoj mehanizaciji. Zbog toga nudimo traktore serije 5G u nekoliko verzija sa razli\u010ditim spoljnim \u0161irinama, sa ili bez kabine, pa \u010dak i kao niskoprofilni model. Sna\u017eni traktor John Deere 5115GF od 115 KS sa kojim mo\u017eete na lak, udoban i savr\u0161eno precizan na\u010din obavljati sve poslove u poljoprivredi.<\/p>\n","protected":false},"excerpt":{"rendered":"<p>Uzgajanje vo\u0107a i vinove loze postavlja posebne zahteve va\u0161oj poloprivrednoj mehanizaciji. Zbog toga nudimo traktore serije 5G u nekoliko verzija sa razli\u010ditim spoljnim \u0161irinama, sa ili bez kabine, pa \u010dak i kao niskoprofilni model. Sna\u017eni traktor John Deere 5115GF od 115 KS sa kojim mo\u017eete na lak, udoban i savr\u0161eno precizan na\u010din obavljati sve poslove [&hellip;]<\/p>\n","protected":false},"featured_media":13343,"comment_status":"open","ping_status":"closed","template":"","meta":{"_acf_changed":false},"product_cat":[40],"product_tag":[],"class_list":{"0":"post-12144","1":"product","2":"type-product","3":"status-publish","4":"has-post-thumbnail","6":"product_cat-vocarski","7":"product_shipping_class-ostale-kategorije-makedonija","8":"pa_b-john-deere","9":"pa_kabina-sa-kabinom","10":"pa_klimatizacija-sa-klimom","11":"pa_market-mk","12":"pa_max-kapacitet-dizanja-1700-kg","13":"pa_menjac-sa-automatskim-menjacem","14":"pa_pogon-traktora-sa-4x4-pogonom-4wd","15":"pa_snaga-traktora-115-ks","17":"first","18":"outofstock","19":"taxable","20":"shipping-taxable","21":"purchasable","22":"product-type-simple"},"acf":[],"seolaxy_ctr_woo_product_custom_meta_description_content":"","_links":{"self":[{"href":"https:\/\/www.sinpeks.com\/rs\/wp-json\/wp\/v2\/product\/12144","targetHints":{"allow":["GET"]}}],"collection":[{"href":"https:\/\/www.sinpeks.com\/rs\/wp-json\/wp\/v2\/product"}],"about":[{"href":"https:\/\/www.sinpeks.com\/rs\/wp-json\/wp\/v2\/types\/product"}],"replies":[{"embeddable":true,"href":"https:\/\/www.sinpeks.com\/rs\/wp-json\/wp\/v2\/comments?post=12144"}],"wp:featuredmedia":[{"embeddable":true,"href":"https:\/\/www.sinpeks.com\/rs\/wp-json\/wp\/v2\/media\/13343"}],"wp:attachment":[{"href":"https:\/\/www.sinpeks.com\/rs\/wp-json\/wp\/v2\/media?parent=12144"}],"wp:term":[{"taxonomy":"product_cat","embeddable":true,"href":"https:\/\/www.sinpeks.com\/rs\/wp-json\/wp\/v2\/product_cat?post=12144"},{"taxonomy":"product_tag","embeddable":true,"href":"https:\/\/www.sinpeks.com\/rs\/wp-json\/wp\/v2\/product_tag?post=12144"}],"curies":[{"name":"wp","href":"https:\/\/api.w.org\/{rel}","templated":true}]}}