{"id":12143,"date":"2024-11-19T15:51:23","date_gmt":"2024-11-19T15:51:23","guid":{"rendered":"https:\/\/www.sinpeks.com\/rs\/p\/john-deere-6250r\/"},"modified":"2026-01-13T11:29:12","modified_gmt":"2026-01-13T11:29:12","slug":"john-deere-6250r","status":"publish","type":"product","link":"https:\/\/www.sinpeks.com\/rs\/p\/john-deere-6250r\/","title":{"rendered":"Traktor John Deere 6250R cab"},"content":{"rendered":"<p>Za rad na polju koje se prote\u017ee do horizonta potreban vam je traktor serije 6R koji prednja\u010di u snazi, udobnosti i lako\u0107i rada. Ovo je traktor koji je bukvalno spreman za rad danono\u0107no. *Napomena: Cena traktora zavisi od nivoa opreme koju bi imao.<\/p>\n","protected":false},"excerpt":{"rendered":"<p>Za rad na polju koje se prote\u017ee do horizonta potreban vam je traktor serije 6R koji prednja\u010di u snazi, udobnosti i lako\u0107i rada. Ovo je traktor koji je bukvalno spreman za rad danono\u0107no. *Napomena: Cena traktora zavisi od nivoa opreme koju bi imao.<\/p>\n","protected":false},"featured_media":13070,"comment_status":"open","ping_status":"closed","template":"","meta":{"_acf_changed":false},"product_cat":[60],"product_tag":[],"class_list":{"0":"post-12143","1":"product","2":"type-product","3":"status-publish","4":"has-post-thumbnail","6":"product_cat-poljoprivredni","7":"product_shipping_class-ostale-kategorije-makedonija","8":"pa_b-john-deere","9":"pa_kabina-sa-kabinom","10":"pa_klimatizacija-sa-klimom","11":"pa_market-mk","12":"pa_max-kapacitet-dizanja-7400-kg","13":"pa_menjac-sa-automatskim-menjacem","14":"pa_pogon-traktora-sa-4x4-pogonom-4wd","15":"pa_snaga-traktora-250-ks","17":"first","18":"outofstock","19":"taxable","20":"shipping-taxable","21":"purchasable","22":"product-type-simple"},"acf":[],"seolaxy_ctr_woo_product_custom_meta_description_content":"","_links":{"self":[{"href":"https:\/\/www.sinpeks.com\/rs\/wp-json\/wp\/v2\/product\/12143","targetHints":{"allow":["GET"]}}],"collection":[{"href":"https:\/\/www.sinpeks.com\/rs\/wp-json\/wp\/v2\/product"}],"about":[{"href":"https:\/\/www.sinpeks.com\/rs\/wp-json\/wp\/v2\/types\/product"}],"replies":[{"embeddable":true,"href":"https:\/\/www.sinpeks.com\/rs\/wp-json\/wp\/v2\/comments?post=12143"}],"wp:featuredmedia":[{"embeddable":true,"href":"https:\/\/www.sinpeks.com\/rs\/wp-json\/wp\/v2\/media\/13070"}],"wp:attachment":[{"href":"https:\/\/www.sinpeks.com\/rs\/wp-json\/wp\/v2\/media?parent=12143"}],"wp:term":[{"taxonomy":"product_cat","embeddable":true,"href":"https:\/\/www.sinpeks.com\/rs\/wp-json\/wp\/v2\/product_cat?post=12143"},{"taxonomy":"product_tag","embeddable":true,"href":"https:\/\/www.sinpeks.com\/rs\/wp-json\/wp\/v2\/product_tag?post=12143"}],"curies":[{"name":"wp","href":"https:\/\/api.w.org\/{rel}","templated":true}]}}