{"id":12142,"date":"2024-11-19T15:51:22","date_gmt":"2024-11-19T15:51:22","guid":{"rendered":"https:\/\/www.sinpeks.com\/rs\/p\/tafe-45-di-5\/"},"modified":"2026-02-17T09:27:21","modified_gmt":"2026-02-17T09:27:21","slug":"tafe-45-di-5","status":"publish","type":"product","link":"https:\/\/www.sinpeks.com\/rs\/p\/tafe-45-di-5\/","title":{"rendered":"Traktor Tafe 45 DI 2WD cab"},"content":{"rendered":"<p>Vi\u0161enamenski TAFE 45DI-COC u verziji 2WD je pravi traktor \u00a0 za one koji tra\u017ee maksimalne rezultate \u00a0 uz minimalne napore, minimalno odr\u017eavanje i minimalnu potro\u0161nju. Sa proverenim motorom SIMPSON S325 i gomilom poznatih i jednostavnih tehni\u010dkih re\u0161enja, traktor TAFE 45DI je pravi bezvremenski klasik neospornog kvaliteta. Opremljen je hidrauli\u010dnim volanom.<\/p>\n","protected":false},"excerpt":{"rendered":"<p>Vi\u0161enamenski TAFE 45DI-COC u verziji 2WD je pravi traktor \u00a0 za one koji tra\u017ee maksimalne rezultate \u00a0 uz minimalne napore, minimalno odr\u017eavanje i minimalnu potro\u0161nju. Sa proverenim motorom SIMPSON S325 i gomilom poznatih i jednostavnih tehni\u010dkih re\u0161enja, traktor TAFE 45DI je pravi bezvremenski klasik neospornog kvaliteta. Opremljen je hidrauli\u010dnim volanom.<\/p>\n","protected":false},"featured_media":13078,"comment_status":"open","ping_status":"closed","template":"","meta":{"_acf_changed":false},"product_cat":[60],"product_tag":[],"class_list":{"0":"post-12142","1":"product","2":"type-product","3":"status-publish","4":"has-post-thumbnail","6":"product_cat-poljoprivredni","7":"product_shipping_class-ostale-kategorije-makedonija","8":"pa_b-tafe","9":"pa_kabina-sa-kabinom","10":"pa_klimatizacija-bez-klime","11":"pa_market-ba","12":"pa_market-mk","13":"pa_max-kapacitet-dizanja-1450-kg","14":"pa_menjac-sa-manuelnim-menjacem","15":"pa_pogon-traktora-sa-zadnjim-pogonom-2wd","16":"pa_snaga-traktora-47-ks","18":"first","19":"outofstock","20":"taxable","21":"shipping-taxable","22":"purchasable","23":"product-type-simple"},"acf":[],"seolaxy_ctr_woo_product_custom_meta_description_content":"","_links":{"self":[{"href":"https:\/\/www.sinpeks.com\/rs\/wp-json\/wp\/v2\/product\/12142","targetHints":{"allow":["GET"]}}],"collection":[{"href":"https:\/\/www.sinpeks.com\/rs\/wp-json\/wp\/v2\/product"}],"about":[{"href":"https:\/\/www.sinpeks.com\/rs\/wp-json\/wp\/v2\/types\/product"}],"replies":[{"embeddable":true,"href":"https:\/\/www.sinpeks.com\/rs\/wp-json\/wp\/v2\/comments?post=12142"}],"wp:featuredmedia":[{"embeddable":true,"href":"https:\/\/www.sinpeks.com\/rs\/wp-json\/wp\/v2\/media\/13078"}],"wp:attachment":[{"href":"https:\/\/www.sinpeks.com\/rs\/wp-json\/wp\/v2\/media?parent=12142"}],"wp:term":[{"taxonomy":"product_cat","embeddable":true,"href":"https:\/\/www.sinpeks.com\/rs\/wp-json\/wp\/v2\/product_cat?post=12142"},{"taxonomy":"product_tag","embeddable":true,"href":"https:\/\/www.sinpeks.com\/rs\/wp-json\/wp\/v2\/product_tag?post=12142"}],"curies":[{"name":"wp","href":"https:\/\/api.w.org\/{rel}","templated":true}]}}