{"id":12138,"date":"2024-11-19T15:51:20","date_gmt":"2024-11-19T15:51:20","guid":{"rendered":"https:\/\/www.sinpeks.com\/rs\/p\/tafe-8515-2\/"},"modified":"2026-02-17T09:27:42","modified_gmt":"2026-02-17T09:27:42","slug":"tafe-8515","status":"publish","type":"product","link":"https:\/\/www.sinpeks.com\/rs\/p\/tafe-8515\/","title":{"rendered":"Traktor Tafe 8515"},"content":{"rendered":"<p>4-cilindri\u010dni, 80 konjskih snaga, atmosferski motor TAFE 8515 je dizajniran da ponudi nekoliko prednosti. Pru\u017ea snagu potrebnu za zahtevne zadatke, a istovremeno je ekonomi\u010dan zbog optimizovane potro\u0161nje goriva.. Nudi odli\u010dne performanse , maksimalnu sigurnost i beskompromisnu izdr\u017eljivost . Opremljen sigurnosnim ramom sa bezbednosnim sertifikatom.<\/p>\n","protected":false},"excerpt":{"rendered":"<p>4-cilindri\u010dni, 80 konjskih snaga, atmosferski motor TAFE 8515 je dizajniran da ponudi nekoliko prednosti. Pru\u017ea snagu potrebnu za zahtevne zadatke, a istovremeno je ekonomi\u010dan zbog optimizovane potro\u0161nje goriva.. Nudi odli\u010dne performanse , maksimalnu sigurnost i beskompromisnu izdr\u017eljivost . Opremljen sigurnosnim ramom sa bezbednosnim sertifikatom.<\/p>\n","protected":false},"featured_media":13089,"comment_status":"open","ping_status":"closed","template":"","meta":{"_acf_changed":false},"product_cat":[60],"product_tag":[],"class_list":{"0":"post-12138","1":"product","2":"type-product","3":"status-publish","4":"has-post-thumbnail","6":"product_cat-poljoprivredni","7":"product_shipping_class-ostale-kategorije-makedonija","8":"pa_b-tafe","9":"pa_kabina-bez-kabine","10":"pa_klimatizacija-bez-klime","11":"pa_market-ba","12":"pa_market-mk","13":"pa_max-kapacitet-dizanja-2500-kg","14":"pa_menjac-sa-manuelnim-menjacem","15":"pa_pogon-traktora-sa-4x4-pogonom-4wd","16":"pa_snaga-traktora-80-ks","18":"first","19":"outofstock","20":"sale","21":"taxable","22":"shipping-taxable","23":"purchasable","24":"product-type-simple"},"acf":[],"seolaxy_ctr_woo_product_custom_meta_description_content":"","_links":{"self":[{"href":"https:\/\/www.sinpeks.com\/rs\/wp-json\/wp\/v2\/product\/12138","targetHints":{"allow":["GET"]}}],"collection":[{"href":"https:\/\/www.sinpeks.com\/rs\/wp-json\/wp\/v2\/product"}],"about":[{"href":"https:\/\/www.sinpeks.com\/rs\/wp-json\/wp\/v2\/types\/product"}],"replies":[{"embeddable":true,"href":"https:\/\/www.sinpeks.com\/rs\/wp-json\/wp\/v2\/comments?post=12138"}],"wp:featuredmedia":[{"embeddable":true,"href":"https:\/\/www.sinpeks.com\/rs\/wp-json\/wp\/v2\/media\/13089"}],"wp:attachment":[{"href":"https:\/\/www.sinpeks.com\/rs\/wp-json\/wp\/v2\/media?parent=12138"}],"wp:term":[{"taxonomy":"product_cat","embeddable":true,"href":"https:\/\/www.sinpeks.com\/rs\/wp-json\/wp\/v2\/product_cat?post=12138"},{"taxonomy":"product_tag","embeddable":true,"href":"https:\/\/www.sinpeks.com\/rs\/wp-json\/wp\/v2\/product_tag?post=12138"}],"curies":[{"name":"wp","href":"https:\/\/api.w.org\/{rel}","templated":true}]}}