{"id":12135,"date":"2024-11-19T15:51:18","date_gmt":"2024-11-19T15:51:18","guid":{"rendered":"https:\/\/www.sinpeks.com\/rs\/p\/tafe-4615-2\/"},"modified":"2026-02-17T09:28:42","modified_gmt":"2026-02-17T09:28:42","slug":"tafe-4615","status":"publish","type":"product","link":"https:\/\/www.sinpeks.com\/rs\/p\/tafe-4615\/","title":{"rendered":"Traktor Tafe 4615 2WD"},"content":{"rendered":"<p>Traktor modernog i ergonomski naprednog dizajna koji sadr\u017ei dobro poznatu, izdr\u017eljivu mehaniku popularne 42. Nudi odli\u010dne performanse, pogon na zadnje to\u010dkove 2WD, maksimalnu sigurnost i beskompromisnu izdr\u017eljivost . Opremljen za\u0161titnim okvirom sa bezbednosnim sertifikatom.<\/p>\n","protected":false},"excerpt":{"rendered":"<p>Traktor modernog i ergonomski naprednog dizajna koji sadr\u017ei dobro poznatu, izdr\u017eljivu mehaniku popularne 42. Nudi odli\u010dne performanse, pogon na zadnje to\u010dkove 2WD, maksimalnu sigurnost i beskompromisnu izdr\u017eljivost . Opremljen za\u0161titnim okvirom sa bezbednosnim sertifikatom.<\/p>\n","protected":false},"featured_media":16947,"comment_status":"open","ping_status":"closed","template":"","meta":{"_acf_changed":false},"product_cat":[60],"product_tag":[],"class_list":{"0":"post-12135","1":"product","2":"type-product","3":"status-publish","4":"has-post-thumbnail","6":"product_cat-poljoprivredni","7":"product_shipping_class-ostale-kategorije-makedonija","8":"pa_b-tafe","9":"pa_gorivo-dizel","10":"pa_kabina-bez-kabine","11":"pa_klimatizacija-bez-klime","12":"pa_market-ba","13":"pa_market-mk","14":"pa_market-rs","15":"pa_max-kapacitet-dizanja-1450-kg","16":"pa_menjac-sa-manuelnim-menjacem","17":"pa_pogon-traktora-sa-zadnjim-pogonom-2wd","18":"pa_snaga-traktora-47-ks","20":"first","21":"outofstock","22":"sale","23":"taxable","24":"shipping-taxable","25":"purchasable","26":"product-type-simple"},"acf":[],"seolaxy_ctr_woo_product_custom_meta_description_content":"","_links":{"self":[{"href":"https:\/\/www.sinpeks.com\/rs\/wp-json\/wp\/v2\/product\/12135","targetHints":{"allow":["GET"]}}],"collection":[{"href":"https:\/\/www.sinpeks.com\/rs\/wp-json\/wp\/v2\/product"}],"about":[{"href":"https:\/\/www.sinpeks.com\/rs\/wp-json\/wp\/v2\/types\/product"}],"replies":[{"embeddable":true,"href":"https:\/\/www.sinpeks.com\/rs\/wp-json\/wp\/v2\/comments?post=12135"}],"wp:featuredmedia":[{"embeddable":true,"href":"https:\/\/www.sinpeks.com\/rs\/wp-json\/wp\/v2\/media\/16947"}],"wp:attachment":[{"href":"https:\/\/www.sinpeks.com\/rs\/wp-json\/wp\/v2\/media?parent=12135"}],"wp:term":[{"taxonomy":"product_cat","embeddable":true,"href":"https:\/\/www.sinpeks.com\/rs\/wp-json\/wp\/v2\/product_cat?post=12135"},{"taxonomy":"product_tag","embeddable":true,"href":"https:\/\/www.sinpeks.com\/rs\/wp-json\/wp\/v2\/product_tag?post=12135"}],"curies":[{"name":"wp","href":"https:\/\/api.w.org\/{rel}","templated":true}]}}