{"id":12127,"date":"2024-11-19T15:51:14","date_gmt":"2024-11-19T15:51:14","guid":{"rendered":"https:\/\/www.sinpeks.com\/rs\/p\/john-deere-5075e-vs\/"},"modified":"2026-04-27T08:54:33","modified_gmt":"2026-04-27T08:54:33","slug":"john-deere-5075e-vs","status":"publish","type":"product","link":"https:\/\/www.sinpeks.com\/rs\/p\/john-deere-5075e-vs\/","title":{"rendered":"Traktor John Deere 5075E\/VS cab"},"content":{"rendered":"<p>John Deere 5075E\/VS je svestrani traktor namenjen za poljoprivrednu i komercijalnu primenu. Obi\u010dno ima motor od 75 konjskih snaga, koji nudi pouzdane performanse za niz zadataka kao \u0161to su oranje, obrada i vu\u010da. Sve u svemu, 5075E\/VS je poznat po svojoj izdr\u017eljivosti, jednostavnosti upotrebe i prilagodljivosti, \u0161to ga \u010dini popularnim izborom me\u0111u poljoprivrednicima i zemljoposednicima.. Dizajniran za one koji cene kvalitet, jednostavnost i udobnost \u00a0 sa dozom modernosti. Opremljen pogonom na sve to\u010dkove, hidrauli\u010dnim upravljanjem, fabri\u010dki potpuno zatvorena klimatizovana kabina, DeLux stanica operatera koja nudi vrhunski komfor i mnoge druge dodatke.<\/p>\n","protected":false},"excerpt":{"rendered":"<p>John Deere 5075E\/VS je svestrani traktor namenjen za poljoprivrednu i komercijalnu primenu. Obi\u010dno ima motor od 75 konjskih snaga, koji nudi pouzdane performanse za niz zadataka kao \u0161to su oranje, obrada i vu\u010da. Sve u svemu, 5075E\/VS je poznat po svojoj izdr\u017eljivosti, jednostavnosti upotrebe i prilagodljivosti, \u0161to ga \u010dini popularnim izborom me\u0111u poljoprivrednicima i zemljoposednicima.. [&hellip;]<\/p>\n","protected":false},"featured_media":12757,"comment_status":"open","ping_status":"closed","template":"","meta":{"_acf_changed":false},"product_cat":[60],"product_tag":[],"class_list":{"0":"post-12127","1":"product","2":"type-product","3":"status-publish","4":"has-post-thumbnail","6":"product_cat-poljoprivredni","7":"product_shipping_class-ostale-kategorije-makedonija","8":"pa_b-john-deere","9":"pa_kabina-sa-kabinom","10":"pa_klimatizacija-sa-klimom","11":"pa_market-mk","12":"pa_max-kapacitet-dizanja-1448-kg","13":"pa_menjac-sa-manuelnim-menjacem","14":"pa_pogon-traktora-sa-4x4-pogonom-4wd","15":"pa_snaga-traktora-75-ks","17":"first","18":"instock","19":"sale","20":"taxable","21":"shipping-taxable","22":"purchasable","23":"product-type-simple"},"acf":[],"seolaxy_ctr_woo_product_custom_meta_description_content":"","_links":{"self":[{"href":"https:\/\/www.sinpeks.com\/rs\/wp-json\/wp\/v2\/product\/12127","targetHints":{"allow":["GET"]}}],"collection":[{"href":"https:\/\/www.sinpeks.com\/rs\/wp-json\/wp\/v2\/product"}],"about":[{"href":"https:\/\/www.sinpeks.com\/rs\/wp-json\/wp\/v2\/types\/product"}],"replies":[{"embeddable":true,"href":"https:\/\/www.sinpeks.com\/rs\/wp-json\/wp\/v2\/comments?post=12127"}],"wp:featuredmedia":[{"embeddable":true,"href":"https:\/\/www.sinpeks.com\/rs\/wp-json\/wp\/v2\/media\/12757"}],"wp:attachment":[{"href":"https:\/\/www.sinpeks.com\/rs\/wp-json\/wp\/v2\/media?parent=12127"}],"wp:term":[{"taxonomy":"product_cat","embeddable":true,"href":"https:\/\/www.sinpeks.com\/rs\/wp-json\/wp\/v2\/product_cat?post=12127"},{"taxonomy":"product_tag","embeddable":true,"href":"https:\/\/www.sinpeks.com\/rs\/wp-json\/wp\/v2\/product_tag?post=12127"}],"curies":[{"name":"wp","href":"https:\/\/api.w.org\/{rel}","templated":true}]}}