{"id":12124,"date":"2024-11-19T15:51:12","date_gmt":"2024-11-19T15:51:12","guid":{"rendered":"https:\/\/www.sinpeks.com\/rs\/p\/tafe-6515\/"},"modified":"2026-01-13T11:04:58","modified_gmt":"2026-01-13T11:04:58","slug":"tafe-6515","status":"publish","type":"product","link":"https:\/\/www.sinpeks.com\/rs\/p\/tafe-6515\/","title":{"rendered":"Traktor Tafe 6515 ram"},"content":{"rendered":"<p>Dizajniran za snagu i efikasnost, TAFE 6515 ima 3-cilindri\u010dni motor od 65 konjskih snaga koji je \u0161tedljiv za ekonomi\u010dan rad. Ima prakti\u010dnu malu visinu od samo 138 cm (bez rama) i 12 F + 12 R menja\u010d koji pru\u017ea \u0161irok spektar brzina za re\u0161avanje razli\u010ditih zadataka i terena, dok sistem 4WD pogona obezbe\u0111uje rukovanje te\u0161kim uslovima. Traktor tako\u0111e mo\u017ee da se pohvali raznovrsnom preciznom hidraulikom, neprekidnim priklju\u010dnim vratilom za pokretanje priklju\u010dka bez zaustavljanja i sna\u017enim ko\u010dnicama sa 4 plo\u010de uronjene u ulje za glatko ko\u010denje. Pored toga, servo upravlja\u010d i impresivna nosivost od 2400 kg olak\u0161avaju manevrisanje i rukovanje te\u0161kim teretima.<\/p>\n","protected":false},"excerpt":{"rendered":"<p>Dizajniran za snagu i efikasnost, TAFE 6515 ima 3-cilindri\u010dni motor od 65 konjskih snaga koji je \u0161tedljiv za ekonomi\u010dan rad. Ima prakti\u010dnu malu visinu od samo 138 cm (bez rama) i 12 F + 12 R menja\u010d koji pru\u017ea \u0161irok spektar brzina za re\u0161avanje razli\u010ditih zadataka i terena, dok sistem 4WD pogona obezbe\u0111uje rukovanje te\u0161kim [&hellip;]<\/p>\n","protected":false},"featured_media":13164,"comment_status":"open","ping_status":"closed","template":"","meta":{"_acf_changed":false},"product_cat":[40],"product_tag":[],"class_list":{"0":"post-12124","1":"product","2":"type-product","3":"status-publish","4":"has-post-thumbnail","6":"product_cat-vocarski","7":"product_shipping_class-ostale-kategorije-makedonija","8":"pa_b-tafe","9":"pa_gorivo-dizel","10":"pa_kabina-bez-kabine","11":"pa_klimatizacija-bez-klime","12":"pa_market-ba","13":"pa_market-mk","14":"pa_market-rs","15":"pa_max-kapacitet-dizanja-2050-kg","16":"pa_menjac-sa-manuelnim-menjacem","17":"pa_pogon-traktora-sa-4x4-pogonom-4wd","18":"pa_snaga-traktora-65-ks","20":"first","21":"outofstock","22":"sale","23":"taxable","24":"shipping-taxable","25":"purchasable","26":"product-type-simple"},"acf":[],"seolaxy_ctr_woo_product_custom_meta_description_content":"","_links":{"self":[{"href":"https:\/\/www.sinpeks.com\/rs\/wp-json\/wp\/v2\/product\/12124","targetHints":{"allow":["GET"]}}],"collection":[{"href":"https:\/\/www.sinpeks.com\/rs\/wp-json\/wp\/v2\/product"}],"about":[{"href":"https:\/\/www.sinpeks.com\/rs\/wp-json\/wp\/v2\/types\/product"}],"replies":[{"embeddable":true,"href":"https:\/\/www.sinpeks.com\/rs\/wp-json\/wp\/v2\/comments?post=12124"}],"wp:featuredmedia":[{"embeddable":true,"href":"https:\/\/www.sinpeks.com\/rs\/wp-json\/wp\/v2\/media\/13164"}],"wp:attachment":[{"href":"https:\/\/www.sinpeks.com\/rs\/wp-json\/wp\/v2\/media?parent=12124"}],"wp:term":[{"taxonomy":"product_cat","embeddable":true,"href":"https:\/\/www.sinpeks.com\/rs\/wp-json\/wp\/v2\/product_cat?post=12124"},{"taxonomy":"product_tag","embeddable":true,"href":"https:\/\/www.sinpeks.com\/rs\/wp-json\/wp\/v2\/product_tag?post=12124"}],"curies":[{"name":"wp","href":"https:\/\/api.w.org\/{rel}","templated":true}]}}