{"id":12120,"date":"2024-11-19T15:51:10","date_gmt":"2024-11-19T15:51:10","guid":{"rendered":"https:\/\/www.sinpeks.com\/rs\/p\/tafe-45-di-2\/"},"modified":"2026-02-17T09:39:04","modified_gmt":"2026-02-17T09:39:04","slug":"tafe-45-di","status":"publish","type":"product","link":"https:\/\/www.sinpeks.com\/rs\/p\/tafe-45-di\/","title":{"rendered":"Traktor Tafe 45 DI"},"content":{"rendered":"<p>\u0160ampion u snazi i izdr\u017eljivosti na svim terenima. Univerzalni TAFE 45DI 4WD sa pogonom na sva 4 to\u010dka, kome veruju mnoge generacije \u0161irom sveta , omiljeni je traktor mnogih farmera, poznat po svom kvalitetu, snazi i izdr\u017eljivosti. Jednostavan dizajn sa tehni\u010dkim re\u0161enjima prilago\u0111enim na\u0161em tr\u017ei\u0161tu i proverenim kvalitetom.<\/p>\n","protected":false},"excerpt":{"rendered":"<p>\u0160ampion u snazi i izdr\u017eljivosti na svim terenima. Univerzalni TAFE 45DI 4WD sa pogonom na sva 4 to\u010dka, kome veruju mnoge generacije \u0161irom sveta , omiljeni je traktor mnogih farmera, poznat po svom kvalitetu, snazi i izdr\u017eljivosti. Jednostavan dizajn sa tehni\u010dkim re\u0161enjima prilago\u0111enim na\u0161em tr\u017ei\u0161tu i proverenim kvalitetom.<\/p>\n","protected":false},"featured_media":13182,"comment_status":"open","ping_status":"closed","template":"","meta":{"_acf_changed":false},"product_cat":[60],"product_tag":[],"class_list":{"0":"post-12120","1":"product","2":"type-product","3":"status-publish","4":"has-post-thumbnail","6":"product_cat-poljoprivredni","7":"product_shipping_class-ostale-kategorije-makedonija","8":"pa_b-tafe","9":"pa_kabina-bez-kabine","10":"pa_klimatizacija-bez-klime","11":"pa_market-ba","12":"pa_market-mk","13":"pa_max-kapacitet-dizanja-1450-kg","14":"pa_menjac-sa-manuelnim-menjacem","15":"pa_pogon-traktora-sa-4x4-pogonom-4wd","16":"pa_snaga-traktora-47-ks","18":"first","19":"outofstock","20":"taxable","21":"shipping-taxable","22":"purchasable","23":"product-type-simple"},"acf":[],"seolaxy_ctr_woo_product_custom_meta_description_content":"","_links":{"self":[{"href":"https:\/\/www.sinpeks.com\/rs\/wp-json\/wp\/v2\/product\/12120","targetHints":{"allow":["GET"]}}],"collection":[{"href":"https:\/\/www.sinpeks.com\/rs\/wp-json\/wp\/v2\/product"}],"about":[{"href":"https:\/\/www.sinpeks.com\/rs\/wp-json\/wp\/v2\/types\/product"}],"replies":[{"embeddable":true,"href":"https:\/\/www.sinpeks.com\/rs\/wp-json\/wp\/v2\/comments?post=12120"}],"wp:featuredmedia":[{"embeddable":true,"href":"https:\/\/www.sinpeks.com\/rs\/wp-json\/wp\/v2\/media\/13182"}],"wp:attachment":[{"href":"https:\/\/www.sinpeks.com\/rs\/wp-json\/wp\/v2\/media?parent=12120"}],"wp:term":[{"taxonomy":"product_cat","embeddable":true,"href":"https:\/\/www.sinpeks.com\/rs\/wp-json\/wp\/v2\/product_cat?post=12120"},{"taxonomy":"product_tag","embeddable":true,"href":"https:\/\/www.sinpeks.com\/rs\/wp-json\/wp\/v2\/product_tag?post=12120"}],"curies":[{"name":"wp","href":"https:\/\/api.w.org\/{rel}","templated":true}]}}