{"id":12118,"date":"2024-11-19T15:51:09","date_gmt":"2024-11-19T15:51:09","guid":{"rendered":"https:\/\/www.sinpeks.com\/rs\/p\/tafe-42-di-2\/"},"modified":"2026-03-13T15:22:09","modified_gmt":"2026-03-13T15:22:09","slug":"tafe-42-di","status":"publish","type":"product","link":"https:\/\/www.sinpeks.com\/rs\/p\/tafe-42-di\/","title":{"rendered":"Traktor Tafe 42 DI cab"},"content":{"rendered":"<p>Investirajte u trajno nasle\u0111e poljoprivredne izvrsnosti uz TAFE 42 DI opremjen sa kabinom. Izgra\u0111en sa robusnom pouzdano\u0161c\u0301u i mno\u0161tvom funkcija, ova serija Tafe je savr\u0161en partner za re\u0161avanje razli\u010ditih poljoprivrednih aplikacija. Izra\u0111eni sa bezvremenskim dizajnom, oli\u010dava duh legendarnih performansi.<\/p>\n","protected":false},"excerpt":{"rendered":"<p>Investirajte u trajno nasle\u0111e poljoprivredne izvrsnosti uz TAFE 42 DI opremjen sa kabinom. Izgra\u0111en sa robusnom pouzdano\u0161c\u0301u i mno\u0161tvom funkcija, ova serija Tafe je savr\u0161en partner za re\u0161avanje razli\u010ditih poljoprivrednih aplikacija. Izra\u0111eni sa bezvremenskim dizajnom, oli\u010dava duh legendarnih performansi.<\/p>\n","protected":false},"featured_media":13187,"comment_status":"open","ping_status":"closed","template":"","meta":{"_acf_changed":false},"product_cat":[60],"product_tag":[],"class_list":{"0":"post-12118","1":"product","2":"type-product","3":"status-publish","4":"has-post-thumbnail","6":"product_cat-poljoprivredni","7":"product_shipping_class-ostale-kategorije-makedonija","8":"pa_b-tafe","9":"pa_kabina-sa-kabinom","10":"pa_klimatizacija-bez-klime","11":"pa_market-ba","12":"pa_market-mk","13":"pa_max-kapacitet-dizanja-1100-kg","14":"pa_menjac-sa-manuelnim-menjacem","15":"pa_pogon-traktora-sa-zadnjim-pogonom-2wd","16":"pa_snaga-traktora-47-ks","18":"first","19":"outofstock","20":"taxable","21":"shipping-taxable","22":"purchasable","23":"product-type-simple"},"acf":[],"seolaxy_ctr_woo_product_custom_meta_description_content":"","_links":{"self":[{"href":"https:\/\/www.sinpeks.com\/rs\/wp-json\/wp\/v2\/product\/12118","targetHints":{"allow":["GET"]}}],"collection":[{"href":"https:\/\/www.sinpeks.com\/rs\/wp-json\/wp\/v2\/product"}],"about":[{"href":"https:\/\/www.sinpeks.com\/rs\/wp-json\/wp\/v2\/types\/product"}],"replies":[{"embeddable":true,"href":"https:\/\/www.sinpeks.com\/rs\/wp-json\/wp\/v2\/comments?post=12118"}],"wp:featuredmedia":[{"embeddable":true,"href":"https:\/\/www.sinpeks.com\/rs\/wp-json\/wp\/v2\/media\/13187"}],"wp:attachment":[{"href":"https:\/\/www.sinpeks.com\/rs\/wp-json\/wp\/v2\/media?parent=12118"}],"wp:term":[{"taxonomy":"product_cat","embeddable":true,"href":"https:\/\/www.sinpeks.com\/rs\/wp-json\/wp\/v2\/product_cat?post=12118"},{"taxonomy":"product_tag","embeddable":true,"href":"https:\/\/www.sinpeks.com\/rs\/wp-json\/wp\/v2\/product_tag?post=12118"}],"curies":[{"name":"wp","href":"https:\/\/api.w.org\/{rel}","templated":true}]}}