{"id":12112,"date":"2024-11-19T15:51:06","date_gmt":"2024-11-19T15:51:06","guid":{"rendered":"https:\/\/www.sinpeks.com\/rs\/p\/john-deere-6175m\/"},"modified":"2026-01-13T10:57:12","modified_gmt":"2026-01-13T10:57:12","slug":"john-deere-6175m","status":"publish","type":"product","link":"https:\/\/www.sinpeks.com\/rs\/p\/john-deere-6175m\/","title":{"rendered":"Traktor John Deere 6175M cab"},"content":{"rendered":"<p>Uvo\u0111enje ove serije traktora 6M postavilo je visoke standarde kao vi\u0161enamenske ma\u0161ine od samog po\u010detka. Ovaj traktor karakteri\u0161e velika snaga (175 KS), visoka udobnost i maksimalna pouzdanost prepoznatljiva samo za John Deere. Opremljen je sa klimatizovanom kabinom za operatora.<\/p>\n","protected":false},"excerpt":{"rendered":"<p>Uvo\u0111enje ove serije traktora 6M postavilo je visoke standarde kao vi\u0161enamenske ma\u0161ine od samog po\u010detka. Ovaj traktor karakteri\u0161e velika snaga (175 KS), visoka udobnost i maksimalna pouzdanost prepoznatljiva samo za John Deere. Opremljen je sa klimatizovanom kabinom za operatora.<\/p>\n","protected":false},"featured_media":13221,"comment_status":"open","ping_status":"closed","template":"","meta":{"_acf_changed":false},"product_cat":[60],"product_tag":[],"class_list":{"0":"post-12112","1":"product","2":"type-product","3":"status-publish","4":"has-post-thumbnail","6":"product_cat-poljoprivredni","7":"product_shipping_class-ostale-kategorije-makedonija","8":"pa_b-john-deere","9":"pa_kabina-sa-kabinom","10":"pa_klimatizacija-sa-klimom","11":"pa_market-mk","12":"pa_max-kapacitet-dizanja-8500-kg","13":"pa_menjac-sa-automatskim-menjacem","14":"pa_pogon-traktora-sa-4x4-pogonom-4wd","15":"pa_snaga-traktora-175-ks","17":"first","18":"outofstock","19":"taxable","20":"shipping-taxable","21":"purchasable","22":"product-type-simple"},"acf":[],"seolaxy_ctr_woo_product_custom_meta_description_content":"","_links":{"self":[{"href":"https:\/\/www.sinpeks.com\/rs\/wp-json\/wp\/v2\/product\/12112","targetHints":{"allow":["GET"]}}],"collection":[{"href":"https:\/\/www.sinpeks.com\/rs\/wp-json\/wp\/v2\/product"}],"about":[{"href":"https:\/\/www.sinpeks.com\/rs\/wp-json\/wp\/v2\/types\/product"}],"replies":[{"embeddable":true,"href":"https:\/\/www.sinpeks.com\/rs\/wp-json\/wp\/v2\/comments?post=12112"}],"wp:featuredmedia":[{"embeddable":true,"href":"https:\/\/www.sinpeks.com\/rs\/wp-json\/wp\/v2\/media\/13221"}],"wp:attachment":[{"href":"https:\/\/www.sinpeks.com\/rs\/wp-json\/wp\/v2\/media?parent=12112"}],"wp:term":[{"taxonomy":"product_cat","embeddable":true,"href":"https:\/\/www.sinpeks.com\/rs\/wp-json\/wp\/v2\/product_cat?post=12112"},{"taxonomy":"product_tag","embeddable":true,"href":"https:\/\/www.sinpeks.com\/rs\/wp-json\/wp\/v2\/product_tag?post=12112"}],"curies":[{"name":"wp","href":"https:\/\/api.w.org\/{rel}","templated":true}]}}