{"id":12110,"date":"2024-11-19T15:51:04","date_gmt":"2024-11-19T15:51:04","guid":{"rendered":"https:\/\/www.sinpeks.com\/rs\/p\/john-deere-5075gf\/"},"modified":"2026-02-17T09:42:28","modified_gmt":"2026-02-17T09:42:28","slug":"john-deere-5075gf","status":"publish","type":"product","link":"https:\/\/www.sinpeks.com\/rs\/p\/john-deere-5075gf\/","title":{"rendered":"Traktor John Deere 5075GF"},"content":{"rendered":"<p>Vinogradi i vo\u0107njaci su posebne poljoprivredne povr\u0161ine koje zahtevaju specijalizovanu opremu za njihovu obradu. Jedno od najboljih re\u0161enja su traktori serije John Deere 5GF.<\/p>\n","protected":false},"excerpt":{"rendered":"<p>Vinogradi i vo\u0107njaci su posebne poljoprivredne povr\u0161ine koje zahtevaju specijalizovanu opremu za njihovu obradu. Jedno od najboljih re\u0161enja su traktori serije John Deere 5GF.<\/p>\n","protected":false},"featured_media":13242,"comment_status":"open","ping_status":"closed","template":"","meta":{"_acf_changed":false},"product_cat":[40],"product_tag":[],"class_list":{"0":"post-12110","1":"product","2":"type-product","3":"status-publish","4":"has-post-thumbnail","6":"product_cat-vocarski","7":"product_shipping_class-ostale-kategorije-makedonija","8":"pa_b-john-deere","9":"pa_kabina-bez-kabine","10":"pa_klimatizacija-bez-klime","11":"pa_market-mk","12":"pa_max-kapacitet-dizanja-1780-kg","13":"pa_menjac-sa-manuelnim-menjacem","14":"pa_pogon-traktora-sa-4x4-pogonom-4wd","15":"pa_snaga-traktora-75-ks","17":"first","18":"outofstock","19":"taxable","20":"shipping-taxable","21":"purchasable","22":"product-type-simple"},"acf":[],"seolaxy_ctr_woo_product_custom_meta_description_content":"","_links":{"self":[{"href":"https:\/\/www.sinpeks.com\/rs\/wp-json\/wp\/v2\/product\/12110","targetHints":{"allow":["GET"]}}],"collection":[{"href":"https:\/\/www.sinpeks.com\/rs\/wp-json\/wp\/v2\/product"}],"about":[{"href":"https:\/\/www.sinpeks.com\/rs\/wp-json\/wp\/v2\/types\/product"}],"replies":[{"embeddable":true,"href":"https:\/\/www.sinpeks.com\/rs\/wp-json\/wp\/v2\/comments?post=12110"}],"wp:featuredmedia":[{"embeddable":true,"href":"https:\/\/www.sinpeks.com\/rs\/wp-json\/wp\/v2\/media\/13242"}],"wp:attachment":[{"href":"https:\/\/www.sinpeks.com\/rs\/wp-json\/wp\/v2\/media?parent=12110"}],"wp:term":[{"taxonomy":"product_cat","embeddable":true,"href":"https:\/\/www.sinpeks.com\/rs\/wp-json\/wp\/v2\/product_cat?post=12110"},{"taxonomy":"product_tag","embeddable":true,"href":"https:\/\/www.sinpeks.com\/rs\/wp-json\/wp\/v2\/product_tag?post=12110"}],"curies":[{"name":"wp","href":"https:\/\/api.w.org\/{rel}","templated":true}]}}