{"id":12104,"date":"2024-11-19T15:51:01","date_gmt":"2024-11-19T15:51:01","guid":{"rendered":"https:\/\/www.sinpeks.com\/rs\/p\/tafe-8502-3\/"},"modified":"2026-04-01T10:16:36","modified_gmt":"2026-04-01T10:16:36","slug":"tafe-8502-3","status":"publish","type":"product","link":"https:\/\/www.sinpeks.com\/rs\/p\/tafe-8502-3\/","title":{"rendered":"Traktor Tafe 8502 cab"},"content":{"rendered":"<p>TAFE 8502 ima sna\u017ean motor, robustan dizajn i neupitan kvalitet i to su njegove glavne prednosti. On ima dovoljno snage da prevazi\u0111e rad na bilo kom terenu i dovoljno komfora da lako obezbedi prijatnu vo\u017enju \u010dak i u najte\u017eim uslovima. Ima hidrauli\u010dki volan, pogon na sva \u010detiri to\u010dka 4WD, mo\u0107nu kardansku osovinu, komfornu kabinu i jo\u0161 jednu gomilu dodataka za efikasan i efikasan rad.<\/p>\n","protected":false},"excerpt":{"rendered":"<p>TAFE 8502 ima sna\u017ean motor, robustan dizajn i neupitan kvalitet i to su njegove glavne prednosti. On ima dovoljno snage da prevazi\u0111e rad na bilo kom terenu i dovoljno komfora da lako obezbedi prijatnu vo\u017enju \u010dak i u najte\u017eim uslovima. Ima hidrauli\u010dki volan, pogon na sva \u010detiri to\u010dka 4WD, mo\u0107nu kardansku osovinu, komfornu kabinu i [&hellip;]<\/p>\n","protected":false},"featured_media":13296,"comment_status":"open","ping_status":"closed","template":"","meta":{"_acf_changed":false},"product_cat":[60],"product_tag":[],"class_list":{"0":"post-12104","1":"product","2":"type-product","3":"status-publish","4":"has-post-thumbnail","6":"product_cat-poljoprivredni","7":"product_shipping_class-ostale-kategorije-makedonija","8":"pa_b-tafe","9":"pa_kabina-sa-kabinom","10":"pa_klimatizacija-bez-klime","11":"pa_market-ba","12":"pa_market-mk","13":"pa_max-kapacitet-dizanja-2145-kg","14":"pa_menjac-sa-manuelnim-menjacem","15":"pa_pogon-traktora-sa-4x4-pogonom-4wd","16":"pa_snaga-traktora-80-ks","18":"first","19":"outofstock","20":"sale","21":"taxable","22":"shipping-taxable","23":"purchasable","24":"product-type-simple"},"acf":[],"seolaxy_ctr_woo_product_custom_meta_description_content":"","_links":{"self":[{"href":"https:\/\/www.sinpeks.com\/rs\/wp-json\/wp\/v2\/product\/12104","targetHints":{"allow":["GET"]}}],"collection":[{"href":"https:\/\/www.sinpeks.com\/rs\/wp-json\/wp\/v2\/product"}],"about":[{"href":"https:\/\/www.sinpeks.com\/rs\/wp-json\/wp\/v2\/types\/product"}],"replies":[{"embeddable":true,"href":"https:\/\/www.sinpeks.com\/rs\/wp-json\/wp\/v2\/comments?post=12104"}],"wp:featuredmedia":[{"embeddable":true,"href":"https:\/\/www.sinpeks.com\/rs\/wp-json\/wp\/v2\/media\/13296"}],"wp:attachment":[{"href":"https:\/\/www.sinpeks.com\/rs\/wp-json\/wp\/v2\/media?parent=12104"}],"wp:term":[{"taxonomy":"product_cat","embeddable":true,"href":"https:\/\/www.sinpeks.com\/rs\/wp-json\/wp\/v2\/product_cat?post=12104"},{"taxonomy":"product_tag","embeddable":true,"href":"https:\/\/www.sinpeks.com\/rs\/wp-json\/wp\/v2\/product_tag?post=12104"}],"curies":[{"name":"wp","href":"https:\/\/api.w.org\/{rel}","templated":true}]}}