{"id":12102,"date":"2024-11-19T15:51:00","date_gmt":"2024-11-19T15:51:00","guid":{"rendered":"https:\/\/www.sinpeks.com\/rs\/p\/tafe-6530-2\/"},"modified":"2026-02-17T09:45:29","modified_gmt":"2026-02-17T09:45:29","slug":"tafe-6530","status":"publish","type":"product","link":"https:\/\/www.sinpeks.com\/rs\/p\/tafe-6530\/","title":{"rendered":"Traktor Tafe 6530 cab"},"content":{"rendered":"<p>Sna\u017ean motor, robustan dizajn i neosporan kvalitet su glavne prednosti traktora TAFE 6530DI. Ima dovoljno snage da savlada rad na bilo kom terenu i dovoljno komfora da omogu\u0107i lako i prijatno upravljanje i u najte\u017eim uslovima. Ima hidrauli\u010dki volan, pogon na sva \u010detiri to\u010dka 4WD, mo\u0107no kardansko vratilo, komfornu kabinu i gomilu dodataka za efikasan rad. *Fotografija je reprezentativne prirode.<\/p>\n","protected":false},"excerpt":{"rendered":"<p>Sna\u017ean motor, robustan dizajn i neosporan kvalitet su glavne prednosti traktora TAFE 6530DI. Ima dovoljno snage da savlada rad na bilo kom terenu i dovoljno komfora da omogu\u0107i lako i prijatno upravljanje i u najte\u017eim uslovima. Ima hidrauli\u010dki volan, pogon na sva \u010detiri to\u010dka 4WD, mo\u0107no kardansko vratilo, komfornu kabinu i gomilu dodataka za efikasan [&hellip;]<\/p>\n","protected":false},"featured_media":12692,"comment_status":"open","ping_status":"closed","template":"","meta":{"_acf_changed":false},"product_cat":[60],"product_tag":[],"class_list":{"0":"post-12102","1":"product","2":"type-product","3":"status-publish","4":"has-post-thumbnail","6":"product_cat-poljoprivredni","7":"product_shipping_class-ostale-kategorije-makedonija","8":"pa_b-tafe","9":"pa_kabina-sa-kabinom","10":"pa_klimatizacija-sa-klimom","11":"pa_market-ba","12":"pa_market-mk","13":"pa_max-kapacitet-dizanja-2050-kg","14":"pa_menjac-sa-manuelnim-menjacem","15":"pa_pogon-traktora-sa-4x4-pogonom-4wd","16":"pa_snaga-traktora-63-ks","18":"first","19":"outofstock","20":"taxable","21":"shipping-taxable","22":"purchasable","23":"product-type-simple"},"acf":[],"seolaxy_ctr_woo_product_custom_meta_description_content":"","_links":{"self":[{"href":"https:\/\/www.sinpeks.com\/rs\/wp-json\/wp\/v2\/product\/12102","targetHints":{"allow":["GET"]}}],"collection":[{"href":"https:\/\/www.sinpeks.com\/rs\/wp-json\/wp\/v2\/product"}],"about":[{"href":"https:\/\/www.sinpeks.com\/rs\/wp-json\/wp\/v2\/types\/product"}],"replies":[{"embeddable":true,"href":"https:\/\/www.sinpeks.com\/rs\/wp-json\/wp\/v2\/comments?post=12102"}],"wp:featuredmedia":[{"embeddable":true,"href":"https:\/\/www.sinpeks.com\/rs\/wp-json\/wp\/v2\/media\/12692"}],"wp:attachment":[{"href":"https:\/\/www.sinpeks.com\/rs\/wp-json\/wp\/v2\/media?parent=12102"}],"wp:term":[{"taxonomy":"product_cat","embeddable":true,"href":"https:\/\/www.sinpeks.com\/rs\/wp-json\/wp\/v2\/product_cat?post=12102"},{"taxonomy":"product_tag","embeddable":true,"href":"https:\/\/www.sinpeks.com\/rs\/wp-json\/wp\/v2\/product_tag?post=12102"}],"curies":[{"name":"wp","href":"https:\/\/api.w.org\/{rel}","templated":true}]}}